{"id":6326,"date":"2025-03-23T16:42:12","date_gmt":"2025-03-23T16:42:12","guid":{"rendered":"https:\/\/hsderma.com\/?page_id=6326"},"modified":"2025-03-24T19:21:24","modified_gmt":"2025-03-24T19:21:24","slug":"kako-prepoznati-hs","status":"publish","type":"page","link":"https:\/\/hsderma.com\/index.php\/kako-prepoznati-hs\/","title":{"rendered":"Kako prepoznati HS?"},"content":{"rendered":"\t\t<div data-elementor-type=\"wp-page\" data-elementor-id=\"6326\" class=\"elementor elementor-6326\">\n\t\t\t\t\t\t<section class=\"elementor-section elementor-top-section elementor-element elementor-element-4b3162c elementor-reverse-tablet elementor-reverse-mobile elementor-section-boxed elementor-section-height-default elementor-section-height-default\" data-id=\"4b3162c\" data-element_type=\"section\" data-settings=\"{&quot;background_background&quot;:&quot;gradient&quot;}\">\n\t\t\t\t\t\t<div class=\"elementor-container elementor-column-gap-default\">\n\t\t\t\t\t<div data-custom-animations=\"true\" data-ca-options=\"{&quot;addChildTimelines&quot;:false,&quot;trigger&quot;:&quot;firstChild&quot;,&quot;animationTarget&quot;:&quot;:scope &gt; .elementor-widget-wrap &gt; .elementor-element &gt; .elementor-widget-container, :scope &gt; .elementor-widget-wrap &gt; .elementor-section &gt; .elementor-container &gt; .elementor-column &gt; .elementor-widget-wrap &gt; .elementor-element:not(.lqd-el-has-inner-anim) &gt; .elementor-widget-container, :scope &gt; .elementor-widget-wrap &gt; .elementor-widget-hub_fancy_heading .lqd-split-lines .lqd-lines .split-inner, :scope &gt; .elementor-widget-wrap &gt; .elementor-widget-hub_fancy_heading .lqd-split-words .lqd-words .split-inner, :scope &gt; .elementor-widget-wrap &gt; .elementor-widget-hub_fancy_heading .lqd-split-chars .lqd-chars .split-inner, :scope &gt; .elementor-widget-wrap &gt; .elementor-widget-ld_custom_menu .lqd-fancy-menu &gt; ul &gt; li&quot;,&quot;ease&quot;:[&quot;power4.out&quot;],&quot;initValues&quot;:{&quot;y&quot;:&quot;40px&quot;,&quot;rotationX&quot;:-90,&quot;opacity&quot;:0,&quot;transformOrigin&quot;:&quot;50% 50% 0px&quot;},&quot;animations&quot;:{&quot;y&quot;:&quot;0px&quot;,&quot;rotationX&quot;:0,&quot;opacity&quot;:1,&quot;transformOrigin&quot;:&quot;50% 50% -80px&quot;}}\" class=\"elementor-column elementor-col-50 elementor-top-column elementor-element elementor-element-df78e77\" data-id=\"df78e77\" data-element_type=\"column\">\n\t\t\t<div class=\"elementor-widget-wrap elementor-element-populated\">\n\t\t\t\t\t\t<div class=\"elementor-element elementor-element-be2609a elementor-widget elementor-widget-hub_fancy_heading\" data-id=\"be2609a\" data-element_type=\"widget\" data-widget_type=\"hub_fancy_heading.default\">\n\t\t\t\t<div class=\"elementor-widget-container\">\n\t\t\t\t\t\n\t\t<div id=\"ld-fancy-heading-69e517d783d62\" class=\"ld-fancy-heading pos-rel\">\n\t\t\t<h1 class=\"ld-fh-element d-inline-block pos-rel  elementor-heading-title lqd-highlight-classic lqd-highlight-grow-left h1\"  > \ud83d\udd0d<\/h1>\t\t<\/div>\n\n\t\t\t\t\t\t<\/div>\n\t\t\t\t<\/div>\n\t\t\t\t<div class=\"elementor-element elementor-element-52ee0bd elementor-widget elementor-widget-hub_fancy_heading\" data-id=\"52ee0bd\" data-element_type=\"widget\" data-widget_type=\"hub_fancy_heading.default\">\n\t\t\t\t<div class=\"elementor-widget-container\">\n\t\t\t\t\t\n\t\t<div id=\"ld-fancy-heading-69e517d785bf1\" class=\"ld-fancy-heading pos-rel\">\n\t\t\t<h1 class=\"ld-fh-element d-inline-block pos-rel  elementor-heading-title lqd-highlight-classic lqd-highlight-grow-left h1\"  > Kako prepoznati HS?<\/h1>\t\t<\/div>\n\n\t\t\t\t\t\t<\/div>\n\t\t\t\t<\/div>\n\t\t\t\t<div class=\"elementor-element elementor-element-27f5738 elementor-widget elementor-widget-hub_fancy_heading\" data-id=\"27f5738\" data-element_type=\"widget\" data-widget_type=\"hub_fancy_heading.default\">\n\t\t\t\t<div class=\"elementor-widget-container\">\n\t\t\t\t\t\n\t\t<div id=\"ld-fancy-heading-69e517d7876cc\" class=\"ld-fancy-heading pos-rel\">\n\t\t\t<p class=\"ld-fh-element d-inline-block pos-rel  lqd-highlight-classic lqd-highlight-grow-left p\"  > Prepoznavanje hidradenitis suppurative (HS) mo\u017ee biti izazovno zbog sli\u010dnosti sa drugim ko\u017enim oboljenjima. Me\u0111utim, obra\u0107anje pa\u017enje na bolne kvr\u017eice ili \u010direve koji se ponavljaju u specifi\u010dnim regijama tela, kao \u0161to su pazuh, prepona ili ispod grudi, mo\u017ee ukazivati na prisustvo HS-a. Rana identifikacija i konsultacija sa dermatologom su klju\u010dni za efikasno upravljanje ovom hroni\u010dnom bole\u0161\u0107u.<\/p>\t\t<\/div>\n\n\t\t\t\t\t\t<\/div>\n\t\t\t\t<\/div>\n\t\t\t\t<div class=\"elementor-element elementor-element-a9e5031 elementor-widget elementor-widget-ld_button\" data-id=\"a9e5031\" data-element_type=\"widget\" data-widget_type=\"ld_button.default\">\n\t\t\t\t<div class=\"elementor-widget-container\">\n\t\t\t\t\t\n\t\t\t<a\n\t\t\t\thref=\"#start\"class=\"elementor-button btn btn-solid btn-lg btn-icon-right btn-hover-swp btn-has-label\"\t\t\t>\n\t\t\t\t\t\t\t\t\t<span data-text=\"nastavak\" class=\"btn-txt\">\n\t\t\t\t\t\tnastavak\t\t\t\t\t<\/span>\n\t\t\t\t\t\t\t\t\t\t\t\t\t\t<span class=\"btn-icon\">\n\t\t\t\t\t\t\t<i aria-hidden=\"true\" class=\"lqd-icn-ess icon-md-arrow-round-forward\"><\/i>\t\t\t\t\t\t<\/span>\n\t\t\t\t\t\t\t\t\t\t\t\t<span class=\"btn-icon\">\n\t\t\t\t\t\t\t<i aria-hidden=\"true\" class=\"lqd-icn-ess icon-md-arrow-round-forward\"><\/i>\t\t\t\t\t\t<\/span>\n\t\t\t\t\t\t\t\t\t<\/a>\n\t\t\t\t\t\t\t<\/div>\n\t\t\t\t<\/div>\n\t\t\t\t\t<\/div>\n\t\t<\/div>\n\t\t\t\t<div data-custom-animations=\"true\" data-ca-options=\"{&quot;addChildTimelines&quot;:false,&quot;trigger&quot;:&quot;firstChild&quot;,&quot;animationTarget&quot;:&quot;:scope &gt; .elementor-widget-wrap &gt; .elementor-element &gt; .elementor-widget-container, :scope &gt; .elementor-widget-wrap &gt; .elementor-section &gt; .elementor-container &gt; .elementor-column &gt; .elementor-widget-wrap &gt; .elementor-element:not(.lqd-el-has-inner-anim) &gt; .elementor-widget-container, :scope &gt; .elementor-widget-wrap &gt; .elementor-widget-hub_fancy_heading .lqd-split-lines .lqd-lines .split-inner, :scope &gt; .elementor-widget-wrap &gt; .elementor-widget-hub_fancy_heading .lqd-split-words .lqd-words .split-inner, :scope &gt; .elementor-widget-wrap &gt; .elementor-widget-hub_fancy_heading .lqd-split-chars .lqd-chars .split-inner, :scope &gt; .elementor-widget-wrap &gt; .elementor-widget-ld_custom_menu .lqd-fancy-menu &gt; ul &gt; li&quot;,&quot;ease&quot;:[&quot;power4.out&quot;],&quot;initValues&quot;:{&quot;x&quot;:&quot;40px&quot;,&quot;opacity&quot;:0.1000000000000000055511151231257827021181583404541015625,&quot;transformOrigin&quot;:&quot;50% 50% 0px&quot;},&quot;animations&quot;:{&quot;x&quot;:&quot;0px&quot;,&quot;opacity&quot;:1,&quot;transformOrigin&quot;:&quot;50% 50% 0px&quot;}}\" class=\"elementor-column elementor-col-50 elementor-top-column elementor-element elementor-element-4137d06\" data-id=\"4137d06\" data-element_type=\"column\">\n\t\t\t<div class=\"elementor-widget-wrap elementor-element-populated\">\n\t\t\t\t\t\t<div class=\"elementor-element elementor-element-0d3fc67 elementor-widget elementor-widget-ld_fancy_image\" data-id=\"0d3fc67\" data-element_type=\"widget\" data-widget_type=\"ld_fancy_image.default\">\n\t\t\t\t<div class=\"elementor-widget-container\">\n\t\t\t\t\t\n\t\t<div class=\"lqd-imggrp-single d-block pos-rel \">\n\t\t\t<div class=\"lqd-imggrp-img-container d-inline-flex pos-rel align-items-center justify-content-center \">\n\t\t\t\t\t\t\t\t<figure class=\"w-100 pos-rel\">\n\t\t\t\t\t<img fetchpriority=\"high\" decoding=\"async\" width=\"512\" height=\"512\" src=\"https:\/\/hsderma.com\/wp-content\/uploads\/2025\/03\/assessment.png\" class=\"attachment-full size-full wp-image-6397\" alt=\"assessment\" srcset=\"https:\/\/hsderma.com\/wp-content\/uploads\/2025\/03\/assessment.png 512w, https:\/\/hsderma.com\/wp-content\/uploads\/2025\/03\/assessment-300x300.png 300w, https:\/\/hsderma.com\/wp-content\/uploads\/2025\/03\/assessment-150x150.png 150w, https:\/\/hsderma.com\/wp-content\/uploads\/2025\/03\/assessment-320x320.png 320w\" sizes=\"(max-width: 512px) 100vw, 512px\" itemprop=\"image\" \/>\t\t\t\t\t\t\t\t\t\t\t\t\t\t\t\t\t\t\t\t\t\t\t\t\t\t\t\t\t<\/figure>\n\t\t\t<\/div>\n\t\t<\/div>\n\n\t\t\t\t\t<\/div>\n\t\t\t\t<\/div>\n\t\t\t\t\t<\/div>\n\t\t<\/div>\n\t\t\t\t\t<\/div>\n\t\t<\/section>\n\t\t<div class=\"elementor-element elementor-element-3e0580ec e-flex e-con-boxed e-con e-parent\" data-id=\"3e0580ec\" data-element_type=\"container\">\n\t\t\t\t\t<div class=\"e-con-inner\">\n\t\t<div class=\"lqd-css-sticky elementor-element elementor-element-43636ba0 e-con-full e-flex e-con e-child\" style=\"top: auto; top: 130px;\" data-id=\"43636ba0\" data-element_type=\"container\">\n\t\t\t\t<div class=\"elementor-element elementor-element-68f2b70 elementor-widget__width-initial elementor-widget-tablet__width-inherit elementor-widget elementor-widget-ld_custom_menu\" data-id=\"68f2b70\" data-element_type=\"widget\" data-widget_type=\"ld_custom_menu.default\">\n\t\t\t\t<div class=\"elementor-widget-container\">\n\t\t\t\t\t\n\t\t\t<div\t\t\t\tclass=\"lqd-fancy-menu lqd-custom-menu pos-rel menu-items-has-fill left lqd-menu-td-none lqd-custom-menu-expand-items\"\n\t\t\t\t\t\t\t>\n\t\t\t\n\t\t\t\t\t\t<ul id=\"lqd-custom-menu-68f2b70\" class=\"reset-ul   \" itemtype=\"http:\/\/schema.org\/SiteNavigationElement\" itemscope=\"itemscope\"><li id=\"menu-item-6392\" class=\"menu-item menu-item-type-post_type menu-item-object-page menu-item-6392\"><a href=\"https:\/\/hsderma.com\/index.php\/razgovarajte-o-hs\/\"><span class='wpmi-mlabel'><span class='wpmi-mlabel'>Razgovarajte o HS?<\/span><\/span><\/a><\/li>\n<li id=\"menu-item-6391\" class=\"menu-item menu-item-type-post_type menu-item-object-page menu-item-6391\"><a href=\"https:\/\/hsderma.com\/index.php\/kako-prepoznati-hs\/\"><span class='wpmi-mlabel'><span class='wpmi-mlabel'>Kako prepoznati HS?<\/span><\/span><\/a><\/li>\n<li id=\"menu-item-6390\" class=\"menu-item menu-item-type-post_type menu-item-object-page menu-item-6390\"><a href=\"https:\/\/hsderma.com\/index.php\/cinjenice-i-mitovi-o-hs\/\"><span class='wpmi-mlabel'><span class='wpmi-mlabel'>\u010cinjenice i mitovi o HS!<\/span><\/span><\/a><\/li>\n<li id=\"menu-item-6389\" class=\"menu-item menu-item-type-post_type menu-item-object-page menu-item-6389\"><a href=\"https:\/\/hsderma.com\/index.php\/cesta-pitanja-o-hs\/\"><span class='wpmi-mlabel'><span class='wpmi-mlabel'>\u010cesta pitanja o HS!<\/span><\/span><\/a><\/li>\n<\/ul>\t\t\t\t\t\t\t\t\t<\/div>\n\t\t\t\t\t\t<\/div>\n\t\t\t\t<\/div>\n\t\t<div class=\"elementor-element elementor-element-5c59b159 e-con-full e-flex e-con e-child\" data-id=\"5c59b159\" data-element_type=\"container\" data-settings=\"{&quot;background_background&quot;:&quot;classic&quot;}\">\n\t\t\t\t<div class=\"lqd-iconbox-scale elementor-element elementor-element-300583d3 elementor-widget-tablet__width-inherit elementor-align-left elementor-widget elementor-widget-ld_icon_box\" data-id=\"300583d3\" data-element_type=\"widget\" data-settings=\"{&quot;enable_scale_animation&quot;:&quot;yes&quot;}\" data-widget_type=\"ld_icon_box.default\">\n\t\t\t\t<div class=\"elementor-widget-container\">\n\t\t\t\t\t\n\t\t\t<div id=\"ld_icon_box_300583d3\" class=\"iconbox d-flex flex-grow-1 pos-rel flex-column iconbox-default\"   >\n\n\t\t\t\t\n\t\t\t\t<div class=\"iconbox-icon-wrap  \"><div class=\"iconbox-icon-container d-inline-flex   \"><svg xmlns=\"http:\/\/www.w3.org\/2000\/svg\" width=\"52\" height=\"54\" viewBox=\"0 0 52 54\"><g transform=\"translate(-15.556 -13.101)\"><path d=\"M24.424,54a4.837,4.837,0,1,1,4.728-4.835A4.787,4.787,0,0,1,24.424,54ZM45.7,45.94a6.384,6.384,0,0,1-6.3-6.448,6.6,6.6,0,0,1,.224-1.71l-15.1-7.724L10.87,38.943a5.811,5.811,0,0,1,.16,1.356A5.586,5.586,0,0,1,5.515,45.94a5.643,5.643,0,0,1,0-11.283,5.434,5.434,0,0,1,3.753,1.507l12.481-8.125L9.472,17.664a6.193,6.193,0,0,1-3.169.873A6.384,6.384,0,0,1,0,12.09,6.384,6.384,0,0,1,6.3,5.642a6.384,6.384,0,0,1,6.3,6.448,6.554,6.554,0,0,1-.884,3.295l12.06,10.19L32.5,10.361a6.07,6.07,0,0,1-1.773-4.317,5.911,5.911,0,1,1,11.818,0,5.985,5.985,0,0,1-5.909,6.045,5.784,5.784,0,0,1-1.38-.166L26.383,27.409l14.809,7.574a6.188,6.188,0,0,1,4.5-1.938,6.449,6.449,0,0,1,0,12.9Z\" transform=\"translate(15.556 13.101)\" fill=\"#79a0ee\"><\/path><circle cx=\"10\" cy=\"10\" r=\"10\" transform=\"translate(29.492 31.626)\" fill=\"#4577d8\"><\/circle><\/g><\/svg><\/div><\/div>\n\t\t\t\t\n\t\t\t\t<div class=\"contents \">\n\t\t\t\t\n\t\t\t\t<h4 class=\"lqd-iconbox-heading \" >Povezivanjem do boljeg le\u010denja <\/h4>\t\t\t\t<p>Udru\u017eenje Hsderma je osnovano kako bi se svi oboleli od hidradenitisa i drugih ko\u017enih bolesti povezali u jednu sna\u017enu zajednicu. Na\u0161a snaga je u jedinstvu \u2013 kada govorimo zajedno, na\u0161 glas se \u010duje dalje i ja\u010de. \ud83d\udcac<br><br>\nZajedni\u010dki se borimo za bolje uslove le\u010denja, pristupa\u010dne inovativne terapije, lekove na recept, kao i za pravovremenu dijagnostiku i razumevanje od strane lekara, institucija i dru\u0161tva. Tako\u0111e, radimo na zastupanju prava pacijenata pred relevantnim institucijama, kao \u0161to je RFZO, i zala\u017eemo se za to da svaki oboleli ima pristup adekvatnoj terapiji i podr\u0161ci.\n<br><br>\n\ud83d\udca1 Povezivanjem pacijenata, stru\u010dnjaka, porodica i svih zainteresovanih \u2013 gradimo mre\u017eu razumevanja, edukacije i podr\u0161ke, jer HS ne bira, ali zajedno mo\u017eemo izabrati da ne \u0107utimo.<\/p>\n\t\t\t\t\t\t\t\t<a href=\"#\" class=\"elementor-button btn ws-nowrap btn-naked btn-icon-right btn-no-label\" >\n\t\t\t\t\t\t\t\t\t\t\t\t\t\t<\/a>\n\n\t\t\t\t\n\t\t\t\t<\/div>\n\t\t\t\t\n\t\t\t<\/div>\n\n\t\t\t\t\t\t<\/div>\n\t\t\t\t<\/div>\n\t\t\t\t<div class=\"elementor-element elementor-element-8b34ab4 elementor-widget elementor-widget-hub_fancy_heading\" data-id=\"8b34ab4\" data-element_type=\"widget\" data-widget_type=\"hub_fancy_heading.default\">\n\t\t\t\t<div class=\"elementor-widget-container\">\n\t\t\t\t\t\n\t\t<div id=\"ld-fancy-heading-69e517d7a1afd\" class=\"ld-fancy-heading pos-rel\">\n\t\t\t<h4 class=\"ld-fh-element d-inline-block pos-rel  elementor-heading-title lqd-highlight-classic lqd-highlight-grow-left h4\"  > Zajedno \u010dinimo HS vidljivijim <br>\u2013 za bolje sutra svih nas.<\/h4>\t\t<\/div>\n\n\t\t\t\t\t\t<\/div>\n\t\t\t\t<\/div>\n\t\t\t\t<\/div>\n\t\t<div class=\"elementor-element elementor-element-7605a315 e-con-full e-flex e-con e-child\" data-id=\"7605a315\" data-element_type=\"container\" data-settings=\"{&quot;background_background&quot;:&quot;classic&quot;}\">\n\t\t\t\t<div class=\"elementor-element elementor-element-7722bb8 elementor-widget elementor-widget-ld_button\" data-id=\"7722bb8\" data-element_type=\"widget\" data-widget_type=\"ld_button.default\">\n\t\t\t\t<div class=\"elementor-widget-container\">\n\t\t\t\t\t\n\t\t\t<a\n\t\t\t\tclass=\"elementor-button btn btn-solid btn-lg btn-icon-right btn-hover-swp btn-has-label\" data-localscroll=\"1\" data-localscroll-options=\"{&quot;scrollBelowSection&quot;:true}\" href=\"#\"\t\t\t>\n\t\t\t\t\t\t\t\t\t<span data-text=\"Registrujte se OVDE!\" class=\"btn-txt\">\n\t\t\t\t\t\tRegistrujte se OVDE!\t\t\t\t\t<\/span>\n\t\t\t\t\t\t\t\t\t\t\t\t\t\t<span class=\"btn-icon\">\n\t\t\t\t\t\t\t<i aria-hidden=\"true\" class=\"lqd-icn-ess icon-md-arrow-round-forward\"><\/i>\t\t\t\t\t\t<\/span>\n\t\t\t\t\t\t\t\t\t\t\t\t<span class=\"btn-icon\">\n\t\t\t\t\t\t\t<i aria-hidden=\"true\" class=\"lqd-icn-ess icon-md-arrow-round-forward\"><\/i>\t\t\t\t\t\t<\/span>\n\t\t\t\t\t\t\t\t\t<\/a>\n\t\t\t\t\t\t\t<\/div>\n\t\t\t\t<\/div>\n\t\t\t\t<\/div>\n\t\t\t\t<\/div>\n\t\t<div class=\"elementor-element elementor-element-16ff64 e-con-full e-flex e-con e-child\" data-id=\"16ff64\" data-element_type=\"container\">\n\t\t<div class=\"elementor-element elementor-element-285ebba5 e-con-full e-flex e-con e-child\" data-id=\"285ebba5\" data-element_type=\"container\">\n\t\t<div class=\"elementor-element elementor-element-586664fd e-flex e-con-boxed e-con e-child\" data-id=\"586664fd\" data-element_type=\"container\">\n\t\t\t\t\t<div class=\"e-con-inner\">\n\t\t\t\t<div class=\"elementor-element elementor-element-b877292 elementor-widget elementor-widget-menu-anchor\" data-id=\"b877292\" data-element_type=\"widget\" data-widget_type=\"menu-anchor.default\">\n\t\t\t\t<div class=\"elementor-widget-container\">\n\t\t\t\t\t\t\t<div class=\"elementor-menu-anchor\" id=\"start\"><\/div>\n\t\t\t\t\t\t<\/div>\n\t\t\t\t<\/div>\n\t\t\t\t<div class=\"elementor-element elementor-element-3b776b77 elementor-widget elementor-widget-ld_content_box\" data-id=\"3b776b77\" data-element_type=\"widget\" data-widget_type=\"ld_content_box.default\">\n\t\t\t\t<div class=\"elementor-widget-container\">\n\t\t\t\t\t\n\t\t<div class=\"lqd-fb pos-rel lqd-fb-style-1 lqd-fb-style-1-3 lqd-fb-content-overlay lqd-fb-zoom-img-onhover border-radius-4 overflow-hidden h-pt-50\" data-inview=\"true\">\n\t\t\t\t\t<div class=\"lqd-fb-inner lqd-overlay\">\n\n\t\t\t\t<div class=\"overflow-hidden lqd-fb-img lqd-overlay\">\n\n\t\t\t\t\t<figure class=\"w-100 h-100\">\n\t\t\t\t\t\t<img decoding=\"async\" class=\"w-100 h-100 objfit-cover objpos-center\" src=\"https:\/\/hsderma.com\/wp-content\/uploads\/2025\/03\/kako-prepoznati-hs-2.jpg\">\t\t\t\t\t<\/figure>\n\n\t\t\t\t<\/div>\n\n\t\t\t\t<div class=\"lqd-fb-content lqd-overlay d-flex align-items-end\">\n\t\t\t\t\t<div class=\"lqd-fb-bg lqd-overlay\"><\/div>\n\t\t\t\t\t<div class=\"lqd-fb-hover-overlay lqd-overlay\"><\/div>\n\t\t\t\t\t<div class=\"lqd-fb-content-inner d-flex flex-column justify-content-between pos-rel h-100 w-100 p-4\">\n\n\t\t\t\t\t\t\t\t\t\t\t\t<div class=\"lqd-fb-content-top\">\n\t\t\t\t\t\t\t<h6 class=\"mt-0 mb-0\">\ud83d\udd0d Kako prepoznati HS?<\/h6>\n\t\t\t\t\t\t<\/div>\n\t\t\t\t\t\t\n\t\t\t\t\t\t<div class=\"lqd-fb-content-bottom\">\n\n\t\t\t\t\t\t\t\n\t\t\t\t\t\t\t\n\t\t\t\t\t\t<\/div>\n\n\t\t\t\t\t\t\n\t\t\t\t\t<\/div>\n\t\t\t\t<\/div>\n\n\t\t\t\t<\/div>\n\t\t\t\t\t<\/div>\n\t\t\t\t\t\t<\/div>\n\t\t\t\t<\/div>\n\t\t\t\t\t<\/div>\n\t\t\t\t<\/div>\n\t\t<div class=\"elementor-element elementor-element-708b9d8e e-flex e-con-boxed e-con e-child\" data-id=\"708b9d8e\" data-element_type=\"container\">\n\t\t\t\t\t<div class=\"e-con-inner\">\n\t\t\t\t<div class=\"elementor-element elementor-element-3c63e84f elementor-widget elementor-widget-hub_fancy_heading\" data-id=\"3c63e84f\" data-element_type=\"widget\" data-widget_type=\"hub_fancy_heading.default\">\n\t\t\t\t<div class=\"elementor-widget-container\">\n\t\t\t\t\t\n\t\t<div id=\"ld-fancy-heading-69e517d7ab7a3\" class=\"ld-fancy-heading pos-rel\">\n\t\t\t<h3 class=\"ld-fh-element d-inline-block pos-rel  elementor-heading-title lqd-highlight-classic lqd-highlight-grow-left h3\"  > Bolni otoci koji ostavljaju tragove.<\/h3>\t\t<\/div>\n\n\t\t\t\t\t\t<\/div>\n\t\t\t\t<\/div>\n\t\t\t\t<div class=\"elementor-element elementor-element-6ecb8dc elementor-widget elementor-widget-text-editor\" data-id=\"6ecb8dc\" data-element_type=\"widget\" data-widget_type=\"text-editor.default\">\n\t\t\t\t<div class=\"elementor-widget-container\">\n\t\t\t\t\t\t\t\t\t<h3><strong>\ud83e\ude79 Tipi\u010dne lezije<\/strong><\/h3><p>HS se manifestuje kroz bolne, ote\u010dene \u010direve ili kvr\u017eice. Ove lezije \u010desto ostavljaju o\u017eiljke, a neke mogu biti povezane ispod ko\u017ee stvaraju\u0107i tunele.<\/p>\t\t\t\t\t\t\t\t<\/div>\n\t\t\t\t<\/div>\n\t\t\t\t<div class=\"elementor-element elementor-element-e670129 elementor-widget elementor-widget-hub_fancy_heading\" data-id=\"e670129\" data-element_type=\"widget\" data-widget_type=\"hub_fancy_heading.default\">\n\t\t\t\t<div class=\"elementor-widget-container\">\n\t\t\t\t\t\n\t\t<div id=\"ld-fancy-heading-69e517d7af489\" class=\"ld-fancy-heading pos-rel\">\n\t\t\t<h3 class=\"ld-fh-element d-inline-block pos-rel  elementor-heading-title lqd-highlight-classic lqd-highlight-grow-left h3\"  > Skrivena mesta gde se HS pojavljuje.<\/h3>\t\t<\/div>\n\n\t\t\t\t\t\t<\/div>\n\t\t\t\t<\/div>\n\t\t\t\t<div class=\"elementor-element elementor-element-cee8dfe elementor-widget elementor-widget-text-editor\" data-id=\"cee8dfe\" data-element_type=\"widget\" data-widget_type=\"text-editor.default\">\n\t\t\t\t<div class=\"elementor-widget-container\">\n\t\t\t\t\t\t\t\t\t<h3><strong>\ud83d\udccd Tipi\u010dne regije zahvatanja<\/strong><\/h3>\n<p>Lezije se obi\u010dno javljaju u podru\u010djima kao \u0161to su pazuh, ispod grudi, prepona, ko\u017eni nabori stomaka ili bokova, oko genitalija ili zadnjice.<\/p>\t\t\t\t\t\t\t\t<\/div>\n\t\t\t\t<\/div>\n\t\t\t\t<div class=\"elementor-element elementor-element-bec7714 elementor-widget elementor-widget-hub_fancy_heading\" data-id=\"bec7714\" data-element_type=\"widget\" data-widget_type=\"hub_fancy_heading.default\">\n\t\t\t\t<div class=\"elementor-widget-container\">\n\t\t\t\t\t\n\t\t<div id=\"ld-fancy-heading-69e517d7b28d7\" class=\"ld-fancy-heading pos-rel\">\n\t\t\t<h3 class=\"ld-fh-element d-inline-block pos-rel  elementor-heading-title lqd-highlight-classic lqd-highlight-grow-left h3\"  > Vra\u0107a se vi\u0161e puta.<\/h3>\t\t<\/div>\n\n\t\t\t\t\t\t<\/div>\n\t\t\t\t<\/div>\n\t\t\t\t<div class=\"elementor-element elementor-element-f4b3d8b elementor-widget elementor-widget-text-editor\" data-id=\"f4b3d8b\" data-element_type=\"widget\" data-widget_type=\"text-editor.default\">\n\t\t\t\t<div class=\"elementor-widget-container\">\n\t\t\t\t\t\t\t\t\t<h3><strong>\ud83d\udd04 Ponavljaju\u0107i karakter bolesti<\/strong><\/h3><p>HS je recidiviraju\u0107a bolest, \u0161to zna\u010di da se upaljene kvr\u017eice, \u010direvi ili apscesi obi\u010dno javljaju najmanje dva puta u periodu od \u0161est meseci.<\/p>\t\t\t\t\t\t\t\t<\/div>\n\t\t\t\t<\/div>\n\t\t\t\t<div class=\"elementor-element elementor-element-2b42795 elementor-widget elementor-widget-hub_fancy_heading\" data-id=\"2b42795\" data-element_type=\"widget\" data-widget_type=\"hub_fancy_heading.default\">\n\t\t\t\t<div class=\"elementor-widget-container\">\n\t\t\t\t\t\n\t\t<div id=\"ld-fancy-heading-69e517d7b5d39\" class=\"ld-fancy-heading pos-rel\">\n\t\t\t<h3 class=\"ld-fh-element d-inline-block pos-rel  elementor-heading-title lqd-highlight-classic lqd-highlight-grow-left h3\"  > Tri klju\u010dna znaka za prepoznavanje HS-a.<\/h3>\t\t<\/div>\n\n\t\t\t\t\t\t<\/div>\n\t\t\t\t<\/div>\n\t\t\t\t<div class=\"elementor-element elementor-element-abf5293 elementor-widget elementor-widget-text-editor\" data-id=\"abf5293\" data-element_type=\"widget\" data-widget_type=\"text-editor.default\">\n\t\t\t\t<div class=\"elementor-widget-container\">\n\t\t\t\t\t\t\t\t\t<h3 class=\"\" data-start=\"0\" data-end=\"40\">\ud83d\udcdd Klini\u010dki kriterijumi za dijagnozu<\/h3>\n<p class=\"\" data-start=\"42\" data-end=\"147\">Postoje tri osnovna dijagnosti\u010dka kriterijuma koja poma\u017eu u razlikovanju HS-a od drugih ko\u017enih oboljenja:<\/p>\n<p class=\"\" data-start=\"149\" data-end=\"371\">\u2705 <strong data-start=\"151\" data-end=\"169\">Tipi\u010dne lezije<\/strong>: bolni \u010direvi ili kvr\u017eice.<br data-start=\"196\" data-end=\"199\" \/>\ud83d\udccd <strong data-start=\"202\" data-end=\"231\">Tipi\u010dne regije zahvatanja<\/strong>: pazuh, prepona, ispod grudi, genitalije, zadnjica.<br data-start=\"283\" data-end=\"286\" \/>\ud83d\udd04 <strong data-start=\"289\" data-end=\"314\">Ponavljaju\u0107i karakter<\/strong>: lezije se ponavljaju najmanje dva puta u \u0161est meseci.<\/p>\t\t\t\t\t\t\t\t<\/div>\n\t\t\t\t<\/div>\n\t\t\t\t<div class=\"elementor-element elementor-element-9eeaf9b elementor-widget elementor-widget-hub_fancy_heading\" data-id=\"9eeaf9b\" data-element_type=\"widget\" data-widget_type=\"hub_fancy_heading.default\">\n\t\t\t\t<div class=\"elementor-widget-container\">\n\t\t\t\t\t\n\t\t<div id=\"ld-fancy-heading-69e517d7b96fb\" class=\"ld-fancy-heading pos-rel\">\n\t\t\t<h3 class=\"ld-fh-element d-inline-block pos-rel  elementor-heading-title lqd-highlight-classic lqd-highlight-grow-left h3\"  > Brza reakcija za bolji \u017eivot.<\/h3>\t\t<\/div>\n\n\t\t\t\t\t\t<\/div>\n\t\t\t\t<\/div>\n\t\t\t\t<div class=\"elementor-element elementor-element-5329456 elementor-widget elementor-widget-text-editor\" data-id=\"5329456\" data-element_type=\"widget\" data-widget_type=\"text-editor.default\">\n\t\t\t\t<div class=\"elementor-widget-container\">\n\t\t\t\t\t\t\t\t\t<h3 data-start=\"1116\" data-end=\"1145\"><strong data-start=\"1116\" data-end=\"1145\">\ud83e\ude7a Va\u017enost rane dijagnoze<\/strong><\/h3>\n<p class=\"\" data-start=\"1189\" data-end=\"1314\"><span class=\"relative -mx-px my-[-0.2rem] rounded px-px py-[0.2rem]\">Rana dijagnoza HS-a mo\u017ee pomo\u0107i u ubla\u017eavanju simptoma i spre\u010davanju daljih komplikacija.<\/span> <span class=\"relative -mx-px my-[-0.2rem] rounded px-px py-[0.2rem]\">Ako primetite ove simptome, obratite se dermatologu za adekvatnu procenu i le\u010denje.<\/span><\/p>\t\t\t\t\t\t\t\t<\/div>\n\t\t\t\t<\/div>\n\t\t\t\t<div class=\"elementor-element elementor-element-8e73947 elementor-widget elementor-widget-text-editor\" data-id=\"8e73947\" data-element_type=\"widget\" data-widget_type=\"text-editor.default\">\n\t\t\t\t<div class=\"elementor-widget-container\">\n\t\t\t\t\t\t\t\t\t<h3><strong>\ud83d\udd0e Prepoznavanje HS-a na vreme je klju\u010dno!<\/strong><\/h3>\n<p>Hidradenitis suppurativa je hroni\u010dno stanje koje mo\u017ee zna\u010dajno uticati na kvalitet \u017eivota, ali rano prepoznavanje simptoma omogu\u0107ava bolje upravljanje bole\u0161\u0107u. Ako primetite bolne, ponavljaju\u0107e lezije u tipi\u010dnim regijama tela, ne oklevajte da potra\u017eite savet dermatologa. Pravovremena dijagnoza i adekvatno le\u010denje mogu smanjiti nelagodnost i spre\u010diti komplikacije. \ud83d\udc99<\/p>\t\t\t\t\t\t\t\t<\/div>\n\t\t\t\t<\/div>\n\t\t\t\t\t<\/div>\n\t\t\t\t<\/div>\n\t\t\t\t<\/div>\n\t\t\t\t<\/div>\n\t\t\t\t\t<\/div>\n\t\t\t\t<\/div>\n\t\t\t\t<\/div>\n\t\t","protected":false},"excerpt":{"rendered":"<p>\ud83d\udd0d Kako prepoznati HS? Prepoznavanje hidradenitis suppurative (HS) mo\u017ee biti izazovno zbog sli\u010dnosti sa drugim ko\u017enim oboljenjima. Me\u0111utim, obra\u0107anje pa\u017enje na bolne kvr\u017eice ili \u010direve koji se ponavljaju u specifi\u010dnim regijama tela, kao \u0161to su pazuh, prepona ili ispod grudi, mo\u017ee ukazivati na prisustvo HS-a. Rana identifikacija i konsultacija sa dermatologom su klju\u010dni za efikasno [&hellip;]<\/p>\n","protected":false},"author":1,"featured_media":0,"parent":0,"menu_order":0,"comment_status":"closed","ping_status":"closed","template":"","meta":{"_monsterinsights_skip_tracking":false,"_monsterinsights_sitenote_active":false,"_monsterinsights_sitenote_note":"","_monsterinsights_sitenote_category":0,"footnotes":""},"class_list":["post-6326","page","type-page","status-publish","hentry"],"aioseo_notices":[],"_links":{"self":[{"href":"https:\/\/hsderma.com\/index.php\/wp-json\/wp\/v2\/pages\/6326","targetHints":{"allow":["GET"]}}],"collection":[{"href":"https:\/\/hsderma.com\/index.php\/wp-json\/wp\/v2\/pages"}],"about":[{"href":"https:\/\/hsderma.com\/index.php\/wp-json\/wp\/v2\/types\/page"}],"author":[{"embeddable":true,"href":"https:\/\/hsderma.com\/index.php\/wp-json\/wp\/v2\/users\/1"}],"replies":[{"embeddable":true,"href":"https:\/\/hsderma.com\/index.php\/wp-json\/wp\/v2\/comments?post=6326"}],"version-history":[{"count":25,"href":"https:\/\/hsderma.com\/index.php\/wp-json\/wp\/v2\/pages\/6326\/revisions"}],"predecessor-version":[{"id":7103,"href":"https:\/\/hsderma.com\/index.php\/wp-json\/wp\/v2\/pages\/6326\/revisions\/7103"}],"wp:attachment":[{"href":"https:\/\/hsderma.com\/index.php\/wp-json\/wp\/v2\/media?parent=6326"}],"curies":[{"name":"wp","href":"https:\/\/api.w.org\/{rel}","templated":true}]}}