{"id":6333,"date":"2025-03-23T16:53:31","date_gmt":"2025-03-23T16:53:31","guid":{"rendered":"https:\/\/hsderma.com\/?page_id=6333"},"modified":"2025-03-24T19:22:04","modified_gmt":"2025-03-24T19:22:04","slug":"cinjenice-i-mitovi-o-hs","status":"publish","type":"page","link":"https:\/\/hsderma.com\/index.php\/cinjenice-i-mitovi-o-hs\/","title":{"rendered":"\u010cinjenice i mitovi o HS!"},"content":{"rendered":"\t\t<div data-elementor-type=\"wp-page\" data-elementor-id=\"6333\" class=\"elementor elementor-6333\">\n\t\t\t\t\t\t<section class=\"elementor-section elementor-top-section elementor-element elementor-element-4b3162c elementor-reverse-tablet elementor-reverse-mobile elementor-section-boxed elementor-section-height-default elementor-section-height-default\" data-id=\"4b3162c\" data-element_type=\"section\" data-settings=\"{&quot;background_background&quot;:&quot;gradient&quot;}\">\n\t\t\t\t\t\t<div class=\"elementor-container elementor-column-gap-default\">\n\t\t\t\t\t<div data-custom-animations=\"true\" data-ca-options=\"{&quot;addChildTimelines&quot;:false,&quot;trigger&quot;:&quot;firstChild&quot;,&quot;animationTarget&quot;:&quot;:scope &gt; .elementor-widget-wrap &gt; .elementor-element &gt; .elementor-widget-container, :scope &gt; .elementor-widget-wrap &gt; .elementor-section &gt; .elementor-container &gt; .elementor-column &gt; .elementor-widget-wrap &gt; .elementor-element:not(.lqd-el-has-inner-anim) &gt; .elementor-widget-container, :scope &gt; .elementor-widget-wrap &gt; .elementor-widget-hub_fancy_heading .lqd-split-lines .lqd-lines .split-inner, :scope &gt; .elementor-widget-wrap &gt; .elementor-widget-hub_fancy_heading .lqd-split-words .lqd-words .split-inner, :scope &gt; .elementor-widget-wrap &gt; .elementor-widget-hub_fancy_heading .lqd-split-chars .lqd-chars .split-inner, :scope &gt; .elementor-widget-wrap &gt; .elementor-widget-ld_custom_menu .lqd-fancy-menu &gt; ul &gt; li&quot;,&quot;ease&quot;:[&quot;power4.out&quot;],&quot;initValues&quot;:{&quot;y&quot;:&quot;40px&quot;,&quot;rotationX&quot;:-90,&quot;opacity&quot;:0,&quot;transformOrigin&quot;:&quot;50% 50% 0px&quot;},&quot;animations&quot;:{&quot;y&quot;:&quot;0px&quot;,&quot;rotationX&quot;:0,&quot;opacity&quot;:1,&quot;transformOrigin&quot;:&quot;50% 50% -80px&quot;}}\" class=\"elementor-column elementor-col-50 elementor-top-column elementor-element elementor-element-df78e77\" data-id=\"df78e77\" data-element_type=\"column\">\n\t\t\t<div class=\"elementor-widget-wrap elementor-element-populated\">\n\t\t\t\t\t\t<div class=\"elementor-element elementor-element-a9a26ab elementor-widget elementor-widget-hub_fancy_heading\" data-id=\"a9a26ab\" data-element_type=\"widget\" data-widget_type=\"hub_fancy_heading.default\">\n\t\t\t\t<div class=\"elementor-widget-container\">\n\t\t\t\t\t\n\t\t<div id=\"ld-fancy-heading-69e4e8cbb6758\" class=\"ld-fancy-heading pos-rel\">\n\t\t\t<h1 class=\"ld-fh-element d-inline-block pos-rel  elementor-heading-title lqd-highlight-classic lqd-highlight-grow-left h1\"  > \u2049\ufe0f<\/h1>\t\t<\/div>\n\n\t\t\t\t\t\t<\/div>\n\t\t\t\t<\/div>\n\t\t\t\t<div class=\"elementor-element elementor-element-52ee0bd elementor-widget elementor-widget-hub_fancy_heading\" data-id=\"52ee0bd\" data-element_type=\"widget\" data-widget_type=\"hub_fancy_heading.default\">\n\t\t\t\t<div class=\"elementor-widget-container\">\n\t\t\t\t\t\n\t\t<div id=\"ld-fancy-heading-69e4e8cbb8369\" class=\"ld-fancy-heading pos-rel\">\n\t\t\t<h1 class=\"ld-fh-element d-inline-block pos-rel  elementor-heading-title lqd-highlight-classic lqd-highlight-grow-left h1\"  > HS - \u010dinjenice &amp; mitovi <\/h1>\t\t<\/div>\n\n\t\t\t\t\t\t<\/div>\n\t\t\t\t<\/div>\n\t\t\t\t<div class=\"elementor-element elementor-element-27f5738 elementor-widget elementor-widget-hub_fancy_heading\" data-id=\"27f5738\" data-element_type=\"widget\" data-widget_type=\"hub_fancy_heading.default\">\n\t\t\t\t<div class=\"elementor-widget-container\">\n\t\t\t\t\t\n\t\t<div id=\"ld-fancy-heading-69e4e8cbb9d7c\" class=\"ld-fancy-heading pos-rel\">\n\t\t\t<p class=\"ld-fh-element d-inline-block pos-rel  lqd-highlight-classic lqd-highlight-grow-left p\"  > Hidradenitis suppurativa (HS) je hroni\u010dna ko\u017ena bolest koja je \u010desto neshva\u0107ena, \u0161to dovodi do mnogih mitova i pogre\u0161nih verovanja. \ud83e\uddd0 Mnogi ljudi sa HS-om suo\u010davaju se ne samo sa fizi\u010dkim bolom, ve\u0107 i sa nesigurno\u0161\u0107u i dezinformacijama koje mogu ote\u017eati tra\u017eenje pomo\u0107i. \u26d4 Danas \u0107emo razotkriti naj\u010de\u0161\u0107e zablude o HS-u i otkriti \u010dinjenice koje vam mogu pomo\u0107i da bolje razumete ovu bolest. \ud83d\udca1\u2728<\/p>\t\t<\/div>\n\n\t\t\t\t\t\t<\/div>\n\t\t\t\t<\/div>\n\t\t\t\t<div class=\"elementor-element elementor-element-a9e5031 elementor-widget elementor-widget-ld_button\" data-id=\"a9e5031\" data-element_type=\"widget\" data-widget_type=\"ld_button.default\">\n\t\t\t\t<div class=\"elementor-widget-container\">\n\t\t\t\t\t\n\t\t\t<a\n\t\t\t\thref=\"#start\"class=\"elementor-button btn btn-solid btn-lg btn-icon-right btn-hover-swp btn-has-label\"\t\t\t>\n\t\t\t\t\t\t\t\t\t<span data-text=\"nastavak\" class=\"btn-txt\">\n\t\t\t\t\t\tnastavak\t\t\t\t\t<\/span>\n\t\t\t\t\t\t\t\t\t\t\t\t\t\t<span class=\"btn-icon\">\n\t\t\t\t\t\t\t<i aria-hidden=\"true\" class=\"lqd-icn-ess icon-md-arrow-round-forward\"><\/i>\t\t\t\t\t\t<\/span>\n\t\t\t\t\t\t\t\t\t\t\t\t<span class=\"btn-icon\">\n\t\t\t\t\t\t\t<i aria-hidden=\"true\" class=\"lqd-icn-ess icon-md-arrow-round-forward\"><\/i>\t\t\t\t\t\t<\/span>\n\t\t\t\t\t\t\t\t\t<\/a>\n\t\t\t\t\t\t\t<\/div>\n\t\t\t\t<\/div>\n\t\t\t\t\t<\/div>\n\t\t<\/div>\n\t\t\t\t<div data-custom-animations=\"true\" data-ca-options=\"{&quot;addChildTimelines&quot;:false,&quot;trigger&quot;:&quot;firstChild&quot;,&quot;animationTarget&quot;:&quot;:scope &gt; .elementor-widget-wrap &gt; .elementor-element &gt; .elementor-widget-container, :scope &gt; .elementor-widget-wrap &gt; .elementor-section &gt; .elementor-container &gt; .elementor-column &gt; .elementor-widget-wrap &gt; .elementor-element:not(.lqd-el-has-inner-anim) &gt; .elementor-widget-container, :scope &gt; .elementor-widget-wrap &gt; .elementor-widget-hub_fancy_heading .lqd-split-lines .lqd-lines .split-inner, :scope &gt; .elementor-widget-wrap &gt; .elementor-widget-hub_fancy_heading .lqd-split-words .lqd-words .split-inner, :scope &gt; .elementor-widget-wrap &gt; .elementor-widget-hub_fancy_heading .lqd-split-chars .lqd-chars .split-inner, :scope &gt; .elementor-widget-wrap &gt; .elementor-widget-ld_custom_menu .lqd-fancy-menu &gt; ul &gt; li&quot;,&quot;ease&quot;:[&quot;power4.out&quot;],&quot;initValues&quot;:{&quot;x&quot;:&quot;40px&quot;,&quot;opacity&quot;:0.1000000000000000055511151231257827021181583404541015625,&quot;transformOrigin&quot;:&quot;50% 50% 0px&quot;},&quot;animations&quot;:{&quot;x&quot;:&quot;0px&quot;,&quot;opacity&quot;:1,&quot;transformOrigin&quot;:&quot;50% 50% 0px&quot;}}\" class=\"elementor-column elementor-col-50 elementor-top-column elementor-element elementor-element-4137d06\" data-id=\"4137d06\" data-element_type=\"column\">\n\t\t\t<div class=\"elementor-widget-wrap elementor-element-populated\">\n\t\t\t\t\t\t<div class=\"elementor-element elementor-element-0d3fc67 elementor-widget elementor-widget-ld_fancy_image\" data-id=\"0d3fc67\" data-element_type=\"widget\" data-widget_type=\"ld_fancy_image.default\">\n\t\t\t\t<div class=\"elementor-widget-container\">\n\t\t\t\t\t\n\t\t<div class=\"lqd-imggrp-single d-block pos-rel \">\n\t\t\t<div class=\"lqd-imggrp-img-container d-inline-flex pos-rel align-items-center justify-content-center \">\n\t\t\t\t\t\t\t\t<figure class=\"w-100 pos-rel\">\n\t\t\t\t\t<img fetchpriority=\"high\" decoding=\"async\" width=\"776\" height=\"562\" src=\"https:\/\/hsderma.com\/wp-content\/uploads\/2025\/03\/kako-prepoznati-hs.png\" class=\"attachment-full size-full wp-image-6328\" alt=\"kako prepoznati hs\" srcset=\"https:\/\/hsderma.com\/wp-content\/uploads\/2025\/03\/kako-prepoznati-hs.png 776w, https:\/\/hsderma.com\/wp-content\/uploads\/2025\/03\/kako-prepoznati-hs-300x217.png 300w\" sizes=\"(max-width: 776px) 100vw, 776px\" itemprop=\"image\" \/>\t\t\t\t\t\t\t\t\t\t\t\t\t\t\t\t\t\t\t\t\t\t\t\t\t\t\t\t\t<\/figure>\n\t\t\t<\/div>\n\t\t<\/div>\n\n\t\t\t\t\t<\/div>\n\t\t\t\t<\/div>\n\t\t\t\t\t<\/div>\n\t\t<\/div>\n\t\t\t\t\t<\/div>\n\t\t<\/section>\n\t\t<div class=\"elementor-element elementor-element-3e0580ec e-flex e-con-boxed e-con e-parent\" data-id=\"3e0580ec\" data-element_type=\"container\">\n\t\t\t\t\t<div class=\"e-con-inner\">\n\t\t<div class=\"lqd-css-sticky elementor-element elementor-element-43636ba0 e-con-full e-flex e-con e-child\" style=\"top: auto; top: 130px;\" data-id=\"43636ba0\" data-element_type=\"container\">\n\t\t\t\t<div class=\"elementor-element elementor-element-bb99cca elementor-widget__width-initial elementor-widget-tablet__width-inherit elementor-widget elementor-widget-ld_custom_menu\" data-id=\"bb99cca\" data-element_type=\"widget\" data-widget_type=\"ld_custom_menu.default\">\n\t\t\t\t<div class=\"elementor-widget-container\">\n\t\t\t\t\t\n\t\t\t<div\t\t\t\tclass=\"lqd-fancy-menu lqd-custom-menu pos-rel menu-items-has-fill left lqd-menu-td-none lqd-custom-menu-expand-items\"\n\t\t\t\t\t\t\t>\n\t\t\t\n\t\t\t\t\t\t<ul id=\"lqd-custom-menu-bb99cca\" class=\"reset-ul   \" itemtype=\"http:\/\/schema.org\/SiteNavigationElement\" itemscope=\"itemscope\"><li id=\"menu-item-6392\" class=\"menu-item menu-item-type-post_type menu-item-object-page menu-item-6392\"><a href=\"https:\/\/hsderma.com\/index.php\/razgovarajte-o-hs\/\"><span class='wpmi-mlabel'><span class='wpmi-mlabel'>Razgovarajte o HS?<\/span><\/span><\/a><\/li>\n<li id=\"menu-item-6391\" class=\"menu-item menu-item-type-post_type menu-item-object-page menu-item-6391\"><a href=\"https:\/\/hsderma.com\/index.php\/kako-prepoznati-hs\/\"><span class='wpmi-mlabel'><span class='wpmi-mlabel'>Kako prepoznati HS?<\/span><\/span><\/a><\/li>\n<li id=\"menu-item-6390\" class=\"menu-item menu-item-type-post_type menu-item-object-page menu-item-6390\"><a href=\"https:\/\/hsderma.com\/index.php\/cinjenice-i-mitovi-o-hs\/\"><span class='wpmi-mlabel'><span class='wpmi-mlabel'>\u010cinjenice i mitovi o HS!<\/span><\/span><\/a><\/li>\n<li id=\"menu-item-6389\" class=\"menu-item menu-item-type-post_type menu-item-object-page menu-item-6389\"><a href=\"https:\/\/hsderma.com\/index.php\/cesta-pitanja-o-hs\/\"><span class='wpmi-mlabel'><span class='wpmi-mlabel'>\u010cesta pitanja o HS!<\/span><\/span><\/a><\/li>\n<\/ul>\t\t\t\t\t\t\t\t\t<\/div>\n\t\t\t\t\t\t<\/div>\n\t\t\t\t<\/div>\n\t\t<div class=\"elementor-element elementor-element-5c59b159 e-con-full e-flex e-con e-child\" data-id=\"5c59b159\" data-element_type=\"container\" data-settings=\"{&quot;background_background&quot;:&quot;classic&quot;}\">\n\t\t\t\t<div class=\"lqd-iconbox-scale elementor-element elementor-element-300583d3 elementor-widget-tablet__width-inherit elementor-align-left elementor-widget elementor-widget-ld_icon_box\" data-id=\"300583d3\" data-element_type=\"widget\" data-settings=\"{&quot;enable_scale_animation&quot;:&quot;yes&quot;}\" data-widget_type=\"ld_icon_box.default\">\n\t\t\t\t<div class=\"elementor-widget-container\">\n\t\t\t\t\t\n\t\t\t<div id=\"ld_icon_box_300583d3\" class=\"iconbox d-flex flex-grow-1 pos-rel flex-column iconbox-default\"   >\n\n\t\t\t\t\n\t\t\t\t<div class=\"iconbox-icon-wrap  \"><div class=\"iconbox-icon-container d-inline-flex   \"><svg xmlns=\"http:\/\/www.w3.org\/2000\/svg\" width=\"52\" height=\"54\" viewBox=\"0 0 52 54\"><g transform=\"translate(-15.556 -13.101)\"><path d=\"M24.424,54a4.837,4.837,0,1,1,4.728-4.835A4.787,4.787,0,0,1,24.424,54ZM45.7,45.94a6.384,6.384,0,0,1-6.3-6.448,6.6,6.6,0,0,1,.224-1.71l-15.1-7.724L10.87,38.943a5.811,5.811,0,0,1,.16,1.356A5.586,5.586,0,0,1,5.515,45.94a5.643,5.643,0,0,1,0-11.283,5.434,5.434,0,0,1,3.753,1.507l12.481-8.125L9.472,17.664a6.193,6.193,0,0,1-3.169.873A6.384,6.384,0,0,1,0,12.09,6.384,6.384,0,0,1,6.3,5.642a6.384,6.384,0,0,1,6.3,6.448,6.554,6.554,0,0,1-.884,3.295l12.06,10.19L32.5,10.361a6.07,6.07,0,0,1-1.773-4.317,5.911,5.911,0,1,1,11.818,0,5.985,5.985,0,0,1-5.909,6.045,5.784,5.784,0,0,1-1.38-.166L26.383,27.409l14.809,7.574a6.188,6.188,0,0,1,4.5-1.938,6.449,6.449,0,0,1,0,12.9Z\" transform=\"translate(15.556 13.101)\" fill=\"#79a0ee\"><\/path><circle cx=\"10\" cy=\"10\" r=\"10\" transform=\"translate(29.492 31.626)\" fill=\"#4577d8\"><\/circle><\/g><\/svg><\/div><\/div>\n\t\t\t\t\n\t\t\t\t<div class=\"contents \">\n\t\t\t\t\n\t\t\t\t<h4 class=\"lqd-iconbox-heading \" >Povezivanjem do boljeg le\u010denja <\/h4>\t\t\t\t<p>Udru\u017eenje Hsderma je osnovano kako bi se svi oboleli od hidradenitisa i drugih ko\u017enih bolesti povezali u jednu sna\u017enu zajednicu. Na\u0161a snaga je u jedinstvu \u2013 kada govorimo zajedno, na\u0161 glas se \u010duje dalje i ja\u010de. \ud83d\udcac<br><br>\nZajedni\u010dki se borimo za bolje uslove le\u010denja, pristupa\u010dne inovativne terapije, lekove na recept, kao i za pravovremenu dijagnostiku i razumevanje od strane lekara, institucija i dru\u0161tva. Tako\u0111e, radimo na zastupanju prava pacijenata pred relevantnim institucijama, kao \u0161to je RFZO, i zala\u017eemo se za to da svaki oboleli ima pristup adekvatnoj terapiji i podr\u0161ci.\n<br><br>\n\ud83d\udca1 Povezivanjem pacijenata, stru\u010dnjaka, porodica i svih zainteresovanih \u2013 gradimo mre\u017eu razumevanja, edukacije i podr\u0161ke, jer HS ne bira, ali zajedno mo\u017eemo izabrati da ne \u0107utimo.<\/p>\n\t\t\t\t\t\t\t\t<a href=\"#\" class=\"elementor-button btn ws-nowrap btn-naked btn-icon-right btn-no-label\" >\n\t\t\t\t\t\t\t\t\t\t\t\t\t\t<\/a>\n\n\t\t\t\t\n\t\t\t\t<\/div>\n\t\t\t\t\n\t\t\t<\/div>\n\n\t\t\t\t\t\t<\/div>\n\t\t\t\t<\/div>\n\t\t\t\t<div class=\"elementor-element elementor-element-8b34ab4 elementor-widget elementor-widget-hub_fancy_heading\" data-id=\"8b34ab4\" data-element_type=\"widget\" data-widget_type=\"hub_fancy_heading.default\">\n\t\t\t\t<div class=\"elementor-widget-container\">\n\t\t\t\t\t\n\t\t<div id=\"ld-fancy-heading-69e4e8cbc7371\" class=\"ld-fancy-heading pos-rel\">\n\t\t\t<h4 class=\"ld-fh-element d-inline-block pos-rel  elementor-heading-title lqd-highlight-classic lqd-highlight-grow-left h4\"  > Zajedno \u010dinimo HS vidljivijim <br>\u2013 za bolje sutra svih nas.<\/h4>\t\t<\/div>\n\n\t\t\t\t\t\t<\/div>\n\t\t\t\t<\/div>\n\t\t\t\t<\/div>\n\t\t<div class=\"elementor-element elementor-element-7605a315 e-con-full e-flex e-con e-child\" data-id=\"7605a315\" data-element_type=\"container\" data-settings=\"{&quot;background_background&quot;:&quot;classic&quot;}\">\n\t\t\t\t<div class=\"elementor-element elementor-element-7722bb8 elementor-widget elementor-widget-ld_button\" data-id=\"7722bb8\" data-element_type=\"widget\" data-widget_type=\"ld_button.default\">\n\t\t\t\t<div class=\"elementor-widget-container\">\n\t\t\t\t\t\n\t\t\t<a\n\t\t\t\tclass=\"elementor-button btn btn-solid btn-lg btn-icon-right btn-hover-swp btn-has-label\" data-localscroll=\"1\" data-localscroll-options=\"{&quot;scrollBelowSection&quot;:true}\" href=\"#\"\t\t\t>\n\t\t\t\t\t\t\t\t\t<span data-text=\"Registrujte se OVDE!\" class=\"btn-txt\">\n\t\t\t\t\t\tRegistrujte se OVDE!\t\t\t\t\t<\/span>\n\t\t\t\t\t\t\t\t\t\t\t\t\t\t<span class=\"btn-icon\">\n\t\t\t\t\t\t\t<i aria-hidden=\"true\" class=\"lqd-icn-ess icon-md-arrow-round-forward\"><\/i>\t\t\t\t\t\t<\/span>\n\t\t\t\t\t\t\t\t\t\t\t\t<span class=\"btn-icon\">\n\t\t\t\t\t\t\t<i aria-hidden=\"true\" class=\"lqd-icn-ess icon-md-arrow-round-forward\"><\/i>\t\t\t\t\t\t<\/span>\n\t\t\t\t\t\t\t\t\t<\/a>\n\t\t\t\t\t\t\t<\/div>\n\t\t\t\t<\/div>\n\t\t\t\t<\/div>\n\t\t\t\t<\/div>\n\t\t<div class=\"elementor-element elementor-element-16ff64 e-con-full e-flex e-con e-child\" data-id=\"16ff64\" data-element_type=\"container\">\n\t\t<div class=\"elementor-element elementor-element-285ebba5 e-con-full e-flex e-con e-child\" data-id=\"285ebba5\" data-element_type=\"container\">\n\t\t<div class=\"elementor-element elementor-element-586664fd e-flex e-con-boxed e-con e-child\" data-id=\"586664fd\" data-element_type=\"container\">\n\t\t\t\t\t<div class=\"e-con-inner\">\n\t\t\t\t<div class=\"elementor-element elementor-element-d58fd92 elementor-widget elementor-widget-menu-anchor\" data-id=\"d58fd92\" data-element_type=\"widget\" data-widget_type=\"menu-anchor.default\">\n\t\t\t\t<div class=\"elementor-widget-container\">\n\t\t\t\t\t\t\t<div class=\"elementor-menu-anchor\" id=\"start\"><\/div>\n\t\t\t\t\t\t<\/div>\n\t\t\t\t<\/div>\n\t\t\t\t<div class=\"elementor-element elementor-element-3b776b77 elementor-widget elementor-widget-ld_content_box\" data-id=\"3b776b77\" data-element_type=\"widget\" data-widget_type=\"ld_content_box.default\">\n\t\t\t\t<div class=\"elementor-widget-container\">\n\t\t\t\t\t\n\t\t<div class=\"lqd-fb pos-rel lqd-fb-style-1 lqd-fb-style-1-3 lqd-fb-content-overlay lqd-fb-zoom-img-onhover border-radius-4 overflow-hidden h-pt-50\" data-inview=\"true\">\n\t\t\t\t\t<div class=\"lqd-fb-inner lqd-overlay\">\n\n\t\t\t\t<div class=\"overflow-hidden lqd-fb-img lqd-overlay\">\n\n\t\t\t\t\t<figure class=\"w-100 h-100\">\n\t\t\t\t\t\t<img decoding=\"async\" class=\"w-100 h-100 objfit-cover objpos-center\" src=\"https:\/\/hsderma.com\/wp-content\/uploads\/2025\/03\/kako-prepoznati-hs-2.jpg\">\t\t\t\t\t<\/figure>\n\n\t\t\t\t<\/div>\n\n\t\t\t\t<div class=\"lqd-fb-content lqd-overlay d-flex align-items-end\">\n\t\t\t\t\t<div class=\"lqd-fb-bg lqd-overlay\"><\/div>\n\t\t\t\t\t<div class=\"lqd-fb-hover-overlay lqd-overlay\"><\/div>\n\t\t\t\t\t<div class=\"lqd-fb-content-inner d-flex flex-column justify-content-between pos-rel h-100 w-100 p-4\">\n\n\t\t\t\t\t\t\t\t\t\t\t\t<div class=\"lqd-fb-content-top\">\n\t\t\t\t\t\t\t<h6 class=\"mt-0 mb-0\">\ud83d\udd0d HS - \u010dinjenice & mitovi <\/h6>\n\t\t\t\t\t\t<\/div>\n\t\t\t\t\t\t\n\t\t\t\t\t\t<div class=\"lqd-fb-content-bottom\">\n\n\t\t\t\t\t\t\t\n\t\t\t\t\t\t\t\n\t\t\t\t\t\t<\/div>\n\n\t\t\t\t\t\t\n\t\t\t\t\t<\/div>\n\t\t\t\t<\/div>\n\n\t\t\t\t<\/div>\n\t\t\t\t\t<\/div>\n\t\t\t\t\t\t<\/div>\n\t\t\t\t<\/div>\n\t\t\t\t\t<\/div>\n\t\t\t\t<\/div>\n\t\t<div class=\"elementor-element elementor-element-708b9d8e e-flex e-con-boxed e-con e-child\" data-id=\"708b9d8e\" data-element_type=\"container\">\n\t\t\t\t\t<div class=\"e-con-inner\">\n\t\t\t\t<div class=\"elementor-element elementor-element-3c63e84f elementor-widget elementor-widget-hub_fancy_heading\" data-id=\"3c63e84f\" data-element_type=\"widget\" data-widget_type=\"hub_fancy_heading.default\">\n\t\t\t\t<div class=\"elementor-widget-container\">\n\t\t\t\t\t\n\t\t<div id=\"ld-fancy-heading-69e4e8cbccdd7\" class=\"ld-fancy-heading pos-rel\">\n\t\t\t<h3 class=\"ld-fh-element d-inline-block pos-rel  elementor-heading-title lqd-highlight-classic lqd-highlight-grow-left h3\"  > Bolni otoci koji ostavljaju tragove.<\/h3>\t\t<\/div>\n\n\t\t\t\t\t\t<\/div>\n\t\t\t\t<\/div>\n\t\t\t\t<div class=\"elementor-element elementor-element-6ecb8dc elementor-widget elementor-widget-text-editor\" data-id=\"6ecb8dc\" data-element_type=\"widget\" data-widget_type=\"text-editor.default\">\n\t\t\t\t<div class=\"elementor-widget-container\">\n\t\t\t\t\t\t\t\t\t<h3>\ud83d\udd0e \u010cinjenice i mitovi o hidradenitis suppurativi (HS)<\/h3>\n<p>Hidradenitis suppurativa je \u010desto neshva\u0107ena bolest, \u0161to dovodi do mnogih mitova i dezinformacija. Hajde da razjasnimo naj\u010de\u0161\u0107e zablude i otkrijemo pravu istinu!<\/p>\t\t\t\t\t\t\t\t<\/div>\n\t\t\t\t<\/div>\n\t\t\t\t<div class=\"elementor-element elementor-element-cee8dfe elementor-widget elementor-widget-text-editor\" data-id=\"cee8dfe\" data-element_type=\"widget\" data-widget_type=\"text-editor.default\">\n\t\t\t\t<div class=\"elementor-widget-container\">\n\t\t\t\t\t\t\t\t\t<h4>\u274c MIT: HS je retka bolest.<\/h4><p>\u2705 <strong>ISTINA: HS je \u010de\u0161\u0107a nego \u0161to mislimo!<\/strong><br \/>Nekada se smatralo da je HS retka, ali danas znamo da poga\u0111a \u010dak 1-2% populacije. Ova bolest je posebno \u010desta kod \u017eena i odre\u0111enih etni\u010dkih grupa. \ud83c\udf0e<\/p><hr \/><h4>\u274c MIT: HS je zarazan.<\/h4><p>\u2705 <strong>ISTINA: HS se ne mo\u017ee preneti sa osobe na osobu!<\/strong><br \/>HS <strong>nije<\/strong> zarazna bolest i <strong>nema veze<\/strong> sa lo\u0161om higijenom. \ud83e\uddfc\ud83d\udeab To je upalno ko\u017eno oboljenje koje se \u010desto pogre\u0161no dijagnostikuje kao akne, infekcija ili \u010dak polno prenosiva bolest.<\/p><hr \/><h4>\u274c MIT: HS nastaje zbog gojaznosti i pu\u0161enja.<\/h4><p>\u2705 <strong>ISTINA: HS se mo\u017ee pojaviti kod bilo koga, bez obzira na te\u017einu ili navike!<\/strong><br \/>Iako pu\u0161enje mo\u017ee biti povezano sa HS-om, ne postoji jasan dokaz da ga direktno uzrokuje. Tako\u0111e, HS mo\u017ee pogoditi ljude svih telesnih gra\u0111a. \ud83d\udcca\ud83d\udd2c Nau\u010dnici veruju da hormoni i preaktivan imuni sistem igraju klju\u010dnu ulogu u nastanku bolesti.<\/p><hr \/><h4>\u274c MIT: Svi sa HS-om zavr\u0161e sa te\u0161kim oblikom bolesti.<\/h4><p>\u2705 <strong>ISTINA: HS mo\u017ee biti blag, umeren ili te\u017eak \u2013 svaka pri\u010da je druga\u010dija!<\/strong><br \/>Neki ljudi razviju samo blage simptome, ali \u010dak i bla\u017ei oblici mogu biti <strong>veoma bolni i ometati svakodnevni \u017eivot<\/strong>. \ud83c\udfc3\u200d\u2642\ufe0f\ud83d\udc94 Bez obzira na te\u017einu simptoma, svi sa HS-om zaslu\u017euju podr\u0161ku i odgovaraju\u0107e le\u010denje.<\/p><hr \/><h4>\u274c MIT: Ne postoje dobri tretmani za HS.<\/h4><p>\u2705 <strong>ISTINA: Postoje razli\u010dite terapije koje mogu pomo\u0107i!<\/strong><br \/>Iako ne postoji univerzalni lek za HS, dostupni su razli\u010diti medicinski i hirur\u0161ki tretmani koji mogu zna\u010dajno pobolj\u0161ati stanje. \ud83d\udc8a\ud83d\udd2a Nau\u010dnici rade na razvoju novih terapija svaki dan! Klju\u010dno je prona\u0107i dermatologa koji razume HS i mo\u017ee vam pomo\u0107i u izboru odgovaraju\u0107eg tretmana.<\/p><hr \/><h4>\u274c MIT: Niko ne mo\u017ee razumeti kroz \u0161ta prolazim i niko mi ne mo\u017ee pomo\u0107i.<\/h4><p>\u2705 <strong>ISTINA: Niste sami \u2013 postoji podr\u0161ka!<\/strong><br \/>Mnogi ljudi sa HS-om ose\u0107aju se izolovano i ne znaju kako da pri\u010daju o svojoj bolesti. \ud83d\ude1e\ud83d\udcac Me\u0111utim, postoje <strong>resursi i grupe podr\u0161ke<\/strong> koje mogu pomo\u0107i! Organizacije poput <strong>Hidradenitis Suppurativa Foundation<\/strong> i <strong>Hope for HS<\/strong> pru\u017eaju informacije, podr\u0161ku i povezuju pacijente sa stru\u010dnjacima koji mogu pomo\u0107i. \ud83d\udc99\ud83d\udc65<\/p><hr \/><p>\ud83d\udca1 <strong>Znanje je mo\u0107!<\/strong> Razbijanjem mitova i \u0161irenjem ta\u010dnih informacija, mo\u017eemo pomo\u0107i osobama sa HS-om da dobiju podr\u0161ku i tretman koji zaslu\u017euju. Ako imate simptome ili poznajete nekoga ko se bori sa HS-om, ne oklevajte da potra\u017eite pomo\u0107! \ud83c\udfe5\u2728<\/p>\t\t\t\t\t\t\t\t<\/div>\n\t\t\t\t<\/div>\n\t\t\t\t\t<\/div>\n\t\t\t\t<\/div>\n\t\t\t\t<\/div>\n\t\t\t\t<\/div>\n\t\t\t\t\t<\/div>\n\t\t\t\t<\/div>\n\t\t\t\t<\/div>\n\t\t","protected":false},"excerpt":{"rendered":"<p>\u2049\ufe0f HS &#8211; \u010dinjenice &amp; mitovi Hidradenitis suppurativa (HS) je hroni\u010dna ko\u017ena bolest koja je \u010desto neshva\u0107ena, \u0161to dovodi do mnogih mitova i pogre\u0161nih verovanja. \ud83e\uddd0 Mnogi ljudi sa HS-om suo\u010davaju se ne samo sa fizi\u010dkim bolom, ve\u0107 i sa nesigurno\u0161\u0107u i dezinformacijama koje mogu ote\u017eati tra\u017eenje pomo\u0107i. \u26d4 Danas \u0107emo razotkriti naj\u010de\u0161\u0107e zablude o [&hellip;]<\/p>\n","protected":false},"author":1,"featured_media":0,"parent":0,"menu_order":0,"comment_status":"closed","ping_status":"closed","template":"","meta":{"_monsterinsights_skip_tracking":false,"_monsterinsights_sitenote_active":false,"_monsterinsights_sitenote_note":"","_monsterinsights_sitenote_category":0,"footnotes":""},"class_list":["post-6333","page","type-page","status-publish","hentry"],"aioseo_notices":[],"_links":{"self":[{"href":"https:\/\/hsderma.com\/index.php\/wp-json\/wp\/v2\/pages\/6333","targetHints":{"allow":["GET"]}}],"collection":[{"href":"https:\/\/hsderma.com\/index.php\/wp-json\/wp\/v2\/pages"}],"about":[{"href":"https:\/\/hsderma.com\/index.php\/wp-json\/wp\/v2\/types\/page"}],"author":[{"embeddable":true,"href":"https:\/\/hsderma.com\/index.php\/wp-json\/wp\/v2\/users\/1"}],"replies":[{"embeddable":true,"href":"https:\/\/hsderma.com\/index.php\/wp-json\/wp\/v2\/comments?post=6333"}],"version-history":[{"count":28,"href":"https:\/\/hsderma.com\/index.php\/wp-json\/wp\/v2\/pages\/6333\/revisions"}],"predecessor-version":[{"id":7106,"href":"https:\/\/hsderma.com\/index.php\/wp-json\/wp\/v2\/pages\/6333\/revisions\/7106"}],"wp:attachment":[{"href":"https:\/\/hsderma.com\/index.php\/wp-json\/wp\/v2\/media?parent=6333"}],"curies":[{"name":"wp","href":"https:\/\/api.w.org\/{rel}","templated":true}]}}