{"id":6338,"date":"2025-03-23T17:03:32","date_gmt":"2025-03-23T17:03:32","guid":{"rendered":"https:\/\/hsderma.com\/?page_id=6338"},"modified":"2025-03-24T19:22:44","modified_gmt":"2025-03-24T19:22:44","slug":"cesta-pitanja-o-hs","status":"publish","type":"page","link":"https:\/\/hsderma.com\/index.php\/cesta-pitanja-o-hs\/","title":{"rendered":"\u010cesta pitanja o HS!"},"content":{"rendered":"\t\t<div data-elementor-type=\"wp-page\" data-elementor-id=\"6338\" class=\"elementor elementor-6338\">\n\t\t\t\t\t\t<section class=\"elementor-section elementor-top-section elementor-element elementor-element-4b3162c elementor-reverse-tablet elementor-reverse-mobile elementor-section-boxed elementor-section-height-default elementor-section-height-default\" data-id=\"4b3162c\" data-element_type=\"section\" data-settings=\"{&quot;background_background&quot;:&quot;gradient&quot;}\">\n\t\t\t\t\t\t<div class=\"elementor-container elementor-column-gap-default\">\n\t\t\t\t\t<div data-custom-animations=\"true\" data-ca-options=\"{&quot;addChildTimelines&quot;:false,&quot;trigger&quot;:&quot;firstChild&quot;,&quot;animationTarget&quot;:&quot;:scope &gt; .elementor-widget-wrap &gt; .elementor-element &gt; .elementor-widget-container, :scope &gt; .elementor-widget-wrap &gt; .elementor-section &gt; .elementor-container &gt; .elementor-column &gt; .elementor-widget-wrap &gt; .elementor-element:not(.lqd-el-has-inner-anim) &gt; .elementor-widget-container, :scope &gt; .elementor-widget-wrap &gt; .elementor-widget-hub_fancy_heading .lqd-split-lines .lqd-lines .split-inner, :scope &gt; .elementor-widget-wrap &gt; .elementor-widget-hub_fancy_heading .lqd-split-words .lqd-words .split-inner, :scope &gt; .elementor-widget-wrap &gt; .elementor-widget-hub_fancy_heading .lqd-split-chars .lqd-chars .split-inner, :scope &gt; .elementor-widget-wrap &gt; .elementor-widget-ld_custom_menu .lqd-fancy-menu &gt; ul &gt; li&quot;,&quot;ease&quot;:[&quot;power4.out&quot;],&quot;initValues&quot;:{&quot;y&quot;:&quot;40px&quot;,&quot;rotationX&quot;:-90,&quot;opacity&quot;:0,&quot;transformOrigin&quot;:&quot;50% 50% 0px&quot;},&quot;animations&quot;:{&quot;y&quot;:&quot;0px&quot;,&quot;rotationX&quot;:0,&quot;opacity&quot;:1,&quot;transformOrigin&quot;:&quot;50% 50% -80px&quot;}}\" class=\"elementor-column elementor-col-50 elementor-top-column elementor-element elementor-element-df78e77\" data-id=\"df78e77\" data-element_type=\"column\">\n\t\t\t<div class=\"elementor-widget-wrap elementor-element-populated\">\n\t\t\t\t\t\t<div class=\"elementor-element elementor-element-6e93396 elementor-widget elementor-widget-hub_fancy_heading\" data-id=\"6e93396\" data-element_type=\"widget\" data-widget_type=\"hub_fancy_heading.default\">\n\t\t\t\t<div class=\"elementor-widget-container\">\n\t\t\t\t\t\n\t\t<div id=\"ld-fancy-heading-69e4e8b1c5568\" class=\"ld-fancy-heading pos-rel\">\n\t\t\t<h1 class=\"ld-fh-element d-inline-block pos-rel  elementor-heading-title lqd-highlight-classic lqd-highlight-grow-left h1\"  > \u2753<\/h1>\t\t<\/div>\n\n\t\t\t\t\t\t<\/div>\n\t\t\t\t<\/div>\n\t\t\t\t<div class=\"elementor-element elementor-element-d3a4091 elementor-widget elementor-widget-hub_fancy_heading\" data-id=\"d3a4091\" data-element_type=\"widget\" data-widget_type=\"hub_fancy_heading.default\">\n\t\t\t\t<div class=\"elementor-widget-container\">\n\t\t\t\t\t\n\t\t<div id=\"ld-fancy-heading-69e4e8b1c70f4\" class=\"ld-fancy-heading pos-rel\">\n\t\t\t<h1 class=\"ld-fh-element d-inline-block pos-rel  elementor-heading-title lqd-highlight-classic lqd-highlight-grow-left h1\"  > \u010cesta pitanja o HS!<\/h1>\t\t<\/div>\n\n\t\t\t\t\t\t<\/div>\n\t\t\t\t<\/div>\n\t\t\t\t<div class=\"elementor-element elementor-element-27f5738 elementor-widget elementor-widget-hub_fancy_heading\" data-id=\"27f5738\" data-element_type=\"widget\" data-widget_type=\"hub_fancy_heading.default\">\n\t\t\t\t<div class=\"elementor-widget-container\">\n\t\t\t\t\t\n\t\t<div id=\"ld-fancy-heading-69e4e8b1c8aa6\" class=\"ld-fancy-heading pos-rel\">\n\t\t\t<p class=\"ld-fh-element d-inline-block pos-rel  lqd-highlight-classic lqd-highlight-grow-left p\"  > Hidradenitis suppurativa (HS) mo\u017ee biti zbunjuju\u0107e i frustriraju\u0107e stanje, a informacije o njemu \u010desto nisu lako dostupne. \ud83e\udd2f Mnogi ljudi imaju sli\u010dna pitanja o uzrocima, simptomima i le\u010denju HS-a. \ud83c\udfe5 Da bismo vam pomogli da bolje razumete ovu bolest, sastavili smo listu naj\u010de\u0161\u0107e postavljanih pitanja i jasnih odgovora. \ud83d\udca1\ud83d\udc47<\/p>\t\t<\/div>\n\n\t\t\t\t\t\t<\/div>\n\t\t\t\t<\/div>\n\t\t\t\t<div class=\"elementor-element elementor-element-a9e5031 elementor-widget elementor-widget-ld_button\" data-id=\"a9e5031\" data-element_type=\"widget\" data-widget_type=\"ld_button.default\">\n\t\t\t\t<div class=\"elementor-widget-container\">\n\t\t\t\t\t\n\t\t\t<a\n\t\t\t\thref=\"#start\"class=\"elementor-button btn btn-solid btn-lg btn-icon-right btn-hover-swp btn-has-label\"\t\t\t>\n\t\t\t\t\t\t\t\t\t<span data-text=\"nastavak\" class=\"btn-txt\">\n\t\t\t\t\t\tnastavak\t\t\t\t\t<\/span>\n\t\t\t\t\t\t\t\t\t\t\t\t\t\t<span class=\"btn-icon\">\n\t\t\t\t\t\t\t<i aria-hidden=\"true\" class=\"lqd-icn-ess icon-md-arrow-round-forward\"><\/i>\t\t\t\t\t\t<\/span>\n\t\t\t\t\t\t\t\t\t\t\t\t<span class=\"btn-icon\">\n\t\t\t\t\t\t\t<i aria-hidden=\"true\" class=\"lqd-icn-ess icon-md-arrow-round-forward\"><\/i>\t\t\t\t\t\t<\/span>\n\t\t\t\t\t\t\t\t\t<\/a>\n\t\t\t\t\t\t\t<\/div>\n\t\t\t\t<\/div>\n\t\t\t\t\t<\/div>\n\t\t<\/div>\n\t\t\t\t<div data-custom-animations=\"true\" data-ca-options=\"{&quot;addChildTimelines&quot;:false,&quot;trigger&quot;:&quot;firstChild&quot;,&quot;animationTarget&quot;:&quot;:scope &gt; .elementor-widget-wrap &gt; .elementor-element &gt; .elementor-widget-container, :scope &gt; .elementor-widget-wrap &gt; .elementor-section &gt; .elementor-container &gt; .elementor-column &gt; .elementor-widget-wrap &gt; .elementor-element:not(.lqd-el-has-inner-anim) &gt; .elementor-widget-container, :scope &gt; .elementor-widget-wrap &gt; .elementor-widget-hub_fancy_heading .lqd-split-lines .lqd-lines .split-inner, :scope &gt; .elementor-widget-wrap &gt; .elementor-widget-hub_fancy_heading .lqd-split-words .lqd-words .split-inner, :scope &gt; .elementor-widget-wrap &gt; .elementor-widget-hub_fancy_heading .lqd-split-chars .lqd-chars .split-inner, :scope &gt; .elementor-widget-wrap &gt; .elementor-widget-ld_custom_menu .lqd-fancy-menu &gt; ul &gt; li&quot;,&quot;ease&quot;:[&quot;power4.out&quot;],&quot;initValues&quot;:{&quot;x&quot;:&quot;40px&quot;,&quot;opacity&quot;:0.1000000000000000055511151231257827021181583404541015625,&quot;transformOrigin&quot;:&quot;50% 50% 0px&quot;},&quot;animations&quot;:{&quot;x&quot;:&quot;0px&quot;,&quot;opacity&quot;:1,&quot;transformOrigin&quot;:&quot;50% 50% 0px&quot;}}\" class=\"elementor-column elementor-col-50 elementor-top-column elementor-element elementor-element-4137d06\" data-id=\"4137d06\" data-element_type=\"column\">\n\t\t\t<div class=\"elementor-widget-wrap elementor-element-populated\">\n\t\t\t\t\t\t<div class=\"elementor-element elementor-element-0d3fc67 elementor-widget elementor-widget-ld_fancy_image\" data-id=\"0d3fc67\" data-element_type=\"widget\" data-widget_type=\"ld_fancy_image.default\">\n\t\t\t\t<div class=\"elementor-widget-container\">\n\t\t\t\t\t\n\t\t<div class=\"lqd-imggrp-single d-block pos-rel \">\n\t\t\t<div class=\"lqd-imggrp-img-container d-inline-flex pos-rel align-items-center justify-content-center \">\n\t\t\t\t\t\t\t\t<figure class=\"w-100 pos-rel\">\n\t\t\t\t\t<img fetchpriority=\"high\" decoding=\"async\" width=\"777\" height=\"562\" src=\"https:\/\/hsderma.com\/wp-content\/uploads\/2025\/03\/pitanja-o-hs.png\" class=\"attachment-full size-full wp-image-6340\" alt=\"pitanja o hs\" srcset=\"https:\/\/hsderma.com\/wp-content\/uploads\/2025\/03\/pitanja-o-hs.png 777w, https:\/\/hsderma.com\/wp-content\/uploads\/2025\/03\/pitanja-o-hs-300x217.png 300w\" sizes=\"(max-width: 777px) 100vw, 777px\" itemprop=\"image\" \/>\t\t\t\t\t\t\t\t\t\t\t\t\t\t\t\t\t\t\t\t\t\t\t\t\t\t\t\t\t<\/figure>\n\t\t\t<\/div>\n\t\t<\/div>\n\n\t\t\t\t\t<\/div>\n\t\t\t\t<\/div>\n\t\t\t\t\t<\/div>\n\t\t<\/div>\n\t\t\t\t\t<\/div>\n\t\t<\/section>\n\t\t<div class=\"elementor-element elementor-element-3e0580ec e-flex e-con-boxed e-con e-parent\" data-id=\"3e0580ec\" data-element_type=\"container\">\n\t\t\t\t\t<div class=\"e-con-inner\">\n\t\t<div class=\"lqd-css-sticky elementor-element elementor-element-43636ba0 e-con-full e-flex e-con e-child\" style=\"top: auto; top: 130px;\" data-id=\"43636ba0\" data-element_type=\"container\">\n\t\t\t\t<div class=\"elementor-element elementor-element-5f9aacda elementor-widget__width-initial elementor-widget-tablet__width-inherit elementor-widget elementor-widget-ld_custom_menu\" data-id=\"5f9aacda\" data-element_type=\"widget\" data-widget_type=\"ld_custom_menu.default\">\n\t\t\t\t<div class=\"elementor-widget-container\">\n\t\t\t\t\t\n\t\t\t<div\t\t\t\tclass=\"lqd-fancy-menu lqd-custom-menu pos-rel menu-items-has-fill left lqd-menu-td-none lqd-custom-menu-expand-items\"\n\t\t\t\t\t\t\t>\n\t\t\t\n\t\t\t\t\t\t<ul id=\"lqd-custom-menu-5f9aacda\" class=\"reset-ul   \" itemtype=\"http:\/\/schema.org\/SiteNavigationElement\" itemscope=\"itemscope\"><li id=\"menu-item-6392\" class=\"menu-item menu-item-type-post_type menu-item-object-page menu-item-6392\"><a href=\"https:\/\/hsderma.com\/index.php\/razgovarajte-o-hs\/\"><span class='wpmi-mlabel'><span class='wpmi-mlabel'>Razgovarajte o HS?<\/span><\/span><\/a><\/li>\n<li id=\"menu-item-6391\" class=\"menu-item menu-item-type-post_type menu-item-object-page menu-item-6391\"><a href=\"https:\/\/hsderma.com\/index.php\/kako-prepoznati-hs\/\"><span class='wpmi-mlabel'><span class='wpmi-mlabel'>Kako prepoznati HS?<\/span><\/span><\/a><\/li>\n<li id=\"menu-item-6390\" class=\"menu-item menu-item-type-post_type menu-item-object-page menu-item-6390\"><a href=\"https:\/\/hsderma.com\/index.php\/cinjenice-i-mitovi-o-hs\/\"><span class='wpmi-mlabel'><span class='wpmi-mlabel'>\u010cinjenice i mitovi o HS!<\/span><\/span><\/a><\/li>\n<li id=\"menu-item-6389\" class=\"menu-item menu-item-type-post_type menu-item-object-page menu-item-6389\"><a href=\"https:\/\/hsderma.com\/index.php\/cesta-pitanja-o-hs\/\"><span class='wpmi-mlabel'><span class='wpmi-mlabel'>\u010cesta pitanja o HS!<\/span><\/span><\/a><\/li>\n<\/ul>\t\t\t\t\t\t\t\t\t<\/div>\n\t\t\t\t\t\t<\/div>\n\t\t\t\t<\/div>\n\t\t<div class=\"elementor-element elementor-element-5c59b159 e-con-full e-flex e-con e-child\" data-id=\"5c59b159\" data-element_type=\"container\" data-settings=\"{&quot;background_background&quot;:&quot;classic&quot;}\">\n\t\t\t\t<div class=\"lqd-iconbox-scale elementor-element elementor-element-300583d3 elementor-widget-tablet__width-inherit elementor-align-left elementor-widget elementor-widget-ld_icon_box\" data-id=\"300583d3\" data-element_type=\"widget\" data-settings=\"{&quot;enable_scale_animation&quot;:&quot;yes&quot;}\" data-widget_type=\"ld_icon_box.default\">\n\t\t\t\t<div class=\"elementor-widget-container\">\n\t\t\t\t\t\n\t\t\t<div id=\"ld_icon_box_300583d3\" class=\"iconbox d-flex flex-grow-1 pos-rel flex-column iconbox-default\"   >\n\n\t\t\t\t\n\t\t\t\t<div class=\"iconbox-icon-wrap  \"><div class=\"iconbox-icon-container d-inline-flex   \"><svg xmlns=\"http:\/\/www.w3.org\/2000\/svg\" width=\"52\" height=\"54\" viewBox=\"0 0 52 54\"><g transform=\"translate(-15.556 -13.101)\"><path d=\"M24.424,54a4.837,4.837,0,1,1,4.728-4.835A4.787,4.787,0,0,1,24.424,54ZM45.7,45.94a6.384,6.384,0,0,1-6.3-6.448,6.6,6.6,0,0,1,.224-1.71l-15.1-7.724L10.87,38.943a5.811,5.811,0,0,1,.16,1.356A5.586,5.586,0,0,1,5.515,45.94a5.643,5.643,0,0,1,0-11.283,5.434,5.434,0,0,1,3.753,1.507l12.481-8.125L9.472,17.664a6.193,6.193,0,0,1-3.169.873A6.384,6.384,0,0,1,0,12.09,6.384,6.384,0,0,1,6.3,5.642a6.384,6.384,0,0,1,6.3,6.448,6.554,6.554,0,0,1-.884,3.295l12.06,10.19L32.5,10.361a6.07,6.07,0,0,1-1.773-4.317,5.911,5.911,0,1,1,11.818,0,5.985,5.985,0,0,1-5.909,6.045,5.784,5.784,0,0,1-1.38-.166L26.383,27.409l14.809,7.574a6.188,6.188,0,0,1,4.5-1.938,6.449,6.449,0,0,1,0,12.9Z\" transform=\"translate(15.556 13.101)\" fill=\"#79a0ee\"><\/path><circle cx=\"10\" cy=\"10\" r=\"10\" transform=\"translate(29.492 31.626)\" fill=\"#4577d8\"><\/circle><\/g><\/svg><\/div><\/div>\n\t\t\t\t\n\t\t\t\t<div class=\"contents \">\n\t\t\t\t\n\t\t\t\t<h4 class=\"lqd-iconbox-heading \" >Povezivanjem do boljeg le\u010denja <\/h4>\t\t\t\t<p>Udru\u017eenje Hsderma je osnovano kako bi se svi oboleli od hidradenitisa i drugih ko\u017enih bolesti povezali u jednu sna\u017enu zajednicu. Na\u0161a snaga je u jedinstvu \u2013 kada govorimo zajedno, na\u0161 glas se \u010duje dalje i ja\u010de. \ud83d\udcac<br><br>\nZajedni\u010dki se borimo za bolje uslove le\u010denja, pristupa\u010dne inovativne terapije, lekove na recept, kao i za pravovremenu dijagnostiku i razumevanje od strane lekara, institucija i dru\u0161tva. Tako\u0111e, radimo na zastupanju prava pacijenata pred relevantnim institucijama, kao \u0161to je RFZO, i zala\u017eemo se za to da svaki oboleli ima pristup adekvatnoj terapiji i podr\u0161ci.\n<br><br>\n\ud83d\udca1 Povezivanjem pacijenata, stru\u010dnjaka, porodica i svih zainteresovanih \u2013 gradimo mre\u017eu razumevanja, edukacije i podr\u0161ke, jer HS ne bira, ali zajedno mo\u017eemo izabrati da ne \u0107utimo.<\/p>\n\t\t\t\t\t\t\t\t<a href=\"#\" class=\"elementor-button btn ws-nowrap btn-naked btn-icon-right btn-no-label\" >\n\t\t\t\t\t\t\t\t\t\t\t\t\t\t<\/a>\n\n\t\t\t\t\n\t\t\t\t<\/div>\n\t\t\t\t\n\t\t\t<\/div>\n\n\t\t\t\t\t\t<\/div>\n\t\t\t\t<\/div>\n\t\t\t\t<div class=\"elementor-element elementor-element-8b34ab4 elementor-widget elementor-widget-hub_fancy_heading\" data-id=\"8b34ab4\" data-element_type=\"widget\" data-widget_type=\"hub_fancy_heading.default\">\n\t\t\t\t<div class=\"elementor-widget-container\">\n\t\t\t\t\t\n\t\t<div id=\"ld-fancy-heading-69e4e8b1d6883\" class=\"ld-fancy-heading pos-rel\">\n\t\t\t<h4 class=\"ld-fh-element d-inline-block pos-rel  elementor-heading-title lqd-highlight-classic lqd-highlight-grow-left h4\"  > Zajedno \u010dinimo HS vidljivijim <br>\u2013 za bolje sutra svih nas.<\/h4>\t\t<\/div>\n\n\t\t\t\t\t\t<\/div>\n\t\t\t\t<\/div>\n\t\t\t\t<\/div>\n\t\t<div class=\"elementor-element elementor-element-7605a315 e-con-full e-flex e-con e-child\" data-id=\"7605a315\" data-element_type=\"container\" data-settings=\"{&quot;background_background&quot;:&quot;classic&quot;}\">\n\t\t\t\t<div class=\"elementor-element elementor-element-7722bb8 elementor-widget elementor-widget-ld_button\" data-id=\"7722bb8\" data-element_type=\"widget\" data-widget_type=\"ld_button.default\">\n\t\t\t\t<div class=\"elementor-widget-container\">\n\t\t\t\t\t\n\t\t\t<a\n\t\t\t\tclass=\"elementor-button btn btn-solid btn-lg btn-icon-right btn-hover-swp btn-has-label\" data-localscroll=\"1\" data-localscroll-options=\"{&quot;scrollBelowSection&quot;:true}\" href=\"#\"\t\t\t>\n\t\t\t\t\t\t\t\t\t<span data-text=\"Registrujte se OVDE!\" class=\"btn-txt\">\n\t\t\t\t\t\tRegistrujte se OVDE!\t\t\t\t\t<\/span>\n\t\t\t\t\t\t\t\t\t\t\t\t\t\t<span class=\"btn-icon\">\n\t\t\t\t\t\t\t<i aria-hidden=\"true\" class=\"lqd-icn-ess icon-md-arrow-round-forward\"><\/i>\t\t\t\t\t\t<\/span>\n\t\t\t\t\t\t\t\t\t\t\t\t<span class=\"btn-icon\">\n\t\t\t\t\t\t\t<i aria-hidden=\"true\" class=\"lqd-icn-ess icon-md-arrow-round-forward\"><\/i>\t\t\t\t\t\t<\/span>\n\t\t\t\t\t\t\t\t\t<\/a>\n\t\t\t\t\t\t\t<\/div>\n\t\t\t\t<\/div>\n\t\t\t\t<\/div>\n\t\t\t\t<\/div>\n\t\t<div class=\"elementor-element elementor-element-16ff64 e-con-full e-flex e-con e-child\" data-id=\"16ff64\" data-element_type=\"container\">\n\t\t<div class=\"elementor-element elementor-element-285ebba5 e-con-full e-flex e-con e-child\" data-id=\"285ebba5\" data-element_type=\"container\">\n\t\t<div class=\"elementor-element elementor-element-586664fd e-flex e-con-boxed e-con e-child\" data-id=\"586664fd\" data-element_type=\"container\">\n\t\t\t\t\t<div class=\"e-con-inner\">\n\t\t\t\t<div class=\"elementor-element elementor-element-5ebee38 elementor-widget elementor-widget-menu-anchor\" data-id=\"5ebee38\" data-element_type=\"widget\" data-widget_type=\"menu-anchor.default\">\n\t\t\t\t<div class=\"elementor-widget-container\">\n\t\t\t\t\t\t\t<div class=\"elementor-menu-anchor\" id=\"start\"><\/div>\n\t\t\t\t\t\t<\/div>\n\t\t\t\t<\/div>\n\t\t\t\t<div class=\"elementor-element elementor-element-3b776b77 elementor-widget elementor-widget-ld_content_box\" data-id=\"3b776b77\" data-element_type=\"widget\" data-widget_type=\"ld_content_box.default\">\n\t\t\t\t<div class=\"elementor-widget-container\">\n\t\t\t\t\t\n\t\t<div class=\"lqd-fb pos-rel lqd-fb-style-1 lqd-fb-style-1-3 lqd-fb-content-overlay lqd-fb-zoom-img-onhover border-radius-4 overflow-hidden h-pt-50\" data-inview=\"true\">\n\t\t\t\t\t<div class=\"lqd-fb-inner lqd-overlay\">\n\n\t\t\t\t<div class=\"overflow-hidden lqd-fb-img lqd-overlay\">\n\n\t\t\t\t\t<figure class=\"w-100 h-100\">\n\t\t\t\t\t\t<img decoding=\"async\" class=\"w-100 h-100 objfit-cover objpos-center\" src=\"https:\/\/hsderma.com\/wp-content\/uploads\/2025\/03\/pitanja-o-hs-2.jpg\">\t\t\t\t\t<\/figure>\n\n\t\t\t\t<\/div>\n\n\t\t\t\t<div class=\"lqd-fb-content lqd-overlay d-flex align-items-end\">\n\t\t\t\t\t<div class=\"lqd-fb-bg lqd-overlay\"><\/div>\n\t\t\t\t\t<div class=\"lqd-fb-hover-overlay lqd-overlay\"><\/div>\n\t\t\t\t\t<div class=\"lqd-fb-content-inner d-flex flex-column justify-content-between pos-rel h-100 w-100 p-4\">\n\n\t\t\t\t\t\t\t\t\t\t\t\t<div class=\"lqd-fb-content-top\">\n\t\t\t\t\t\t\t<h6 class=\"mt-0 mb-0\">\u2753 \u010cesta pitanja o HS!<\/h6>\n\t\t\t\t\t\t<\/div>\n\t\t\t\t\t\t\n\t\t\t\t\t\t<div class=\"lqd-fb-content-bottom\">\n\n\t\t\t\t\t\t\t\n\t\t\t\t\t\t\t\n\t\t\t\t\t\t<\/div>\n\n\t\t\t\t\t\t\n\t\t\t\t\t<\/div>\n\t\t\t\t<\/div>\n\n\t\t\t\t<\/div>\n\t\t\t\t\t<\/div>\n\t\t\t\t\t\t<\/div>\n\t\t\t\t<\/div>\n\t\t\t\t\t<\/div>\n\t\t\t\t<\/div>\n\t\t<div class=\"elementor-element elementor-element-708b9d8e e-flex e-con-boxed e-con e-child\" data-id=\"708b9d8e\" data-element_type=\"container\">\n\t\t\t\t\t<div class=\"e-con-inner\">\n\t\t\t\t<div class=\"elementor-element elementor-element-3c63e84f elementor-widget elementor-widget-hub_fancy_heading\" data-id=\"3c63e84f\" data-element_type=\"widget\" data-widget_type=\"hub_fancy_heading.default\">\n\t\t\t\t<div class=\"elementor-widget-container\">\n\t\t\t\t\t\n\t\t<div id=\"ld-fancy-heading-69e4e8b1dc23c\" class=\"ld-fancy-heading pos-rel\">\n\t\t\t<h3 class=\"ld-fh-element d-inline-block pos-rel  elementor-heading-title lqd-highlight-classic lqd-highlight-grow-left h3\"  > HS bez tajni: Informacije koje trebate znati!<\/h3>\t\t<\/div>\n\n\t\t\t\t\t\t<\/div>\n\t\t\t\t<\/div>\n\t\t\t\t<div class=\"elementor-element elementor-element-6ecb8dc elementor-widget elementor-widget-text-editor\" data-id=\"6ecb8dc\" data-element_type=\"widget\" data-widget_type=\"text-editor.default\">\n\t\t\t\t<div class=\"elementor-widget-container\">\n\t\t\t\t\t\t\t\t\t<h3>\u2753 \u010cesta pitanja o hidradenitis suppurativi (HS)<\/h3><p>HS je kompleksno i \u010desto neshva\u0107eno stanje, \u0161to mo\u017ee ostaviti mnogo pitanja bez odgovora. \ud83e\uddd0 Evo naj\u010de\u0161\u0107ih pitanja i odgovora koji vam mogu pomo\u0107i da bolje razumete ovu bolest. \ud83d\udc47<\/p>\t\t\t\t\t\t\t\t<\/div>\n\t\t\t\t<\/div>\n\t\t\t\t<div class=\"elementor-element elementor-element-cee8dfe elementor-widget elementor-widget-text-editor\" data-id=\"cee8dfe\" data-element_type=\"widget\" data-widget_type=\"text-editor.default\">\n\t\t\t\t<div class=\"elementor-widget-container\">\n\t\t\t\t\t\t\t\t\t<h4>\ud83e\udd14 \u0160ta je HS?<\/h4><p>HS (Hidradenitis Suppurativa) je <strong>hroni\u010dno<\/strong> ko\u017eno oboljenje. Hroni\u010dno zna\u010di da traje du\u017ei vremenski period, obi\u010dno godinama. \ud83d\udd70\ufe0f<\/p><hr \/><h4>\ud83d\udd2c Da li je HS autoimuna ili autoinflamatorna bolest?<\/h4><p>HS je <strong>autoinflamatorna<\/strong> bolest jer \u0107elije imunog sistema uzrokuju upalu. \ud83d\udd25 Kada govorimo o autoimunim bolestima (poput lupusa ili reumatoidnog artritisa), imuni sistem napada odre\u0111ene \u0107elije na specifi\u010dan na\u010din \u2013 ali to nije slu\u010daj kod HS-a.<\/p><hr \/><h4>\u26a0\ufe0f Da li imam pove\u0107an rizik od drugih bolesti ako imam HS?<\/h4><p>Osobe sa HS-om mogu imati <strong>pove\u0107an rizik<\/strong> od drugih zdravstvenih stanja. \ud83c\udfe5 Zato je va\u017eno redovno pose\u0107ivati lekara i obratiti pa\u017enju na nove simptome koji se mogu pojaviti.<\/p><hr \/><h4>\ud83e\uddec Za\u0161to imam HS?<\/h4><p>Ovo pitanje mu\u010di mnoge ljude sa HS-om. \ud83d\udd0e Istra\u017eivanja pokazuju da genetika igra zna\u010dajnu ulogu \u2013 otprilike <strong>1 od 3 osobe<\/strong> sa HS-om ima \u010dlana porodice sa istim stanjem.<\/p><hr \/><h4>\ud83d\udc76 Ho\u0107e li moja deca imati HS ako ga ja imam?<\/h4><p>Ne postoji <strong>100% \u0161ansa<\/strong> da \u0107e va\u0161a deca naslediti HS. \ud83e\uddec Me\u0111utim, ako se to dogodi, va\u0161e iskustvo mo\u017ee im pomo\u0107i da prona\u0111u odgovaraju\u0107i tretman i podr\u0161ku. \ud83d\udc99<\/p><hr \/><h4>\ud83e\udd30 \u0160ta \u0107e se desiti sa mojim HS-om ako ostanem trudna?<\/h4><p>Tokom trudno\u0107e, imuni sistem prolazi kroz promene, \u0161to mo\u017ee <strong>pogor\u0161ati, pobolj\u0161ati ili ne promeniti<\/strong> simptome HS-a. \ud83d\udc76 Neki tretmani nisu bezbedni u trudno\u0107i, ali postoje opcije koje se mogu koristiti. Va\u017eno je konsultovati se sa lekarom.<\/p><hr \/><h4>\ud83d\udeab Mogu li spre\u010diti HS?<\/h4><p>Na\u017ealost, <strong>ne mo\u017eete<\/strong> u potpunosti spre\u010diti HS. \u274c Budu\u0107i da genetika igra veliku ulogu, ne postoji na\u010din da promenite osnovne uzroke bolesti\u2026 bar ne jo\u0161 uvek!<\/p><hr \/><h4>\ud83d\udc8a Kako se HS le\u010di?<\/h4><p>HS se mo\u017ee le\u010diti na razli\u010dite na\u010dine, uklju\u010duju\u0107i:<br \/>\ud83d\udc89 <strong>Lekove<\/strong> (topikalne, oralne, biolo\u0161ke terapije)<br \/>\ud83d\udd2a <strong>Proceduralne i hirur\u0161ke intervencije<\/strong><br \/>\ud83e\udd57 <strong>Promene \u017eivotnog stila<\/strong> (izbegavanje okida\u010da poput pu\u0161enja, odre\u0111ene ishrane itd.)<\/p><p>Va\u017eno je prona\u0107i pravi tretman za vas uz pomo\u0107 stru\u010dnjaka! \ud83d\udc69\u200d\u2695\ufe0f<\/p><hr \/><h4>\u23f3 Da li HS postaje bolji s vremenom?<\/h4><p>HS se obi\u010dno javlja u <strong>tinejd\u017eerskim ili dvadesetim godinama<\/strong>, dok je re\u0111e kod osoba starijih od 50-60 godina. \ud83d\udcc5 Po\u0161to je HS povezan sa imunim sistemom, simptomi mogu postati <strong>manje aktivni u kasnijem \u017eivotu<\/strong>.<\/p><hr \/><p>\ud83d\udca1 <strong>HS mo\u017ee biti izazovan, ali niste sami!<\/strong> Ako imate dodatna pitanja, razgovarajte sa svojim lekarom ili potra\u017eite podr\u0161ku u zajednici. \ud83c\udfe5\ud83d\udc99<\/p>\t\t\t\t\t\t\t\t<\/div>\n\t\t\t\t<\/div>\n\t\t\t\t\t<\/div>\n\t\t\t\t<\/div>\n\t\t\t\t<\/div>\n\t\t\t\t<\/div>\n\t\t\t\t\t<\/div>\n\t\t\t\t<\/div>\n\t\t\t\t<\/div>\n\t\t","protected":false},"excerpt":{"rendered":"<p>\u2753 \u010cesta pitanja o HS! Hidradenitis suppurativa (HS) mo\u017ee biti zbunjuju\u0107e i frustriraju\u0107e stanje, a informacije o njemu \u010desto nisu lako dostupne. \ud83e\udd2f Mnogi ljudi imaju sli\u010dna pitanja o uzrocima, simptomima i le\u010denju HS-a. \ud83c\udfe5 Da bismo vam pomogli da bolje razumete ovu bolest, sastavili smo listu naj\u010de\u0161\u0107e postavljanih pitanja i jasnih odgovora. \ud83d\udca1\ud83d\udc47 nastavak [&hellip;]<\/p>\n","protected":false},"author":1,"featured_media":0,"parent":0,"menu_order":0,"comment_status":"closed","ping_status":"closed","template":"","meta":{"_monsterinsights_skip_tracking":false,"_monsterinsights_sitenote_active":false,"_monsterinsights_sitenote_note":"","_monsterinsights_sitenote_category":0,"footnotes":""},"class_list":["post-6338","page","type-page","status-publish","hentry"],"aioseo_notices":[],"_links":{"self":[{"href":"https:\/\/hsderma.com\/index.php\/wp-json\/wp\/v2\/pages\/6338","targetHints":{"allow":["GET"]}}],"collection":[{"href":"https:\/\/hsderma.com\/index.php\/wp-json\/wp\/v2\/pages"}],"about":[{"href":"https:\/\/hsderma.com\/index.php\/wp-json\/wp\/v2\/types\/page"}],"author":[{"embeddable":true,"href":"https:\/\/hsderma.com\/index.php\/wp-json\/wp\/v2\/users\/1"}],"replies":[{"embeddable":true,"href":"https:\/\/hsderma.com\/index.php\/wp-json\/wp\/v2\/comments?post=6338"}],"version-history":[{"count":34,"href":"https:\/\/hsderma.com\/index.php\/wp-json\/wp\/v2\/pages\/6338\/revisions"}],"predecessor-version":[{"id":7109,"href":"https:\/\/hsderma.com\/index.php\/wp-json\/wp\/v2\/pages\/6338\/revisions\/7109"}],"wp:attachment":[{"href":"https:\/\/hsderma.com\/index.php\/wp-json\/wp\/v2\/media?parent=6338"}],"curies":[{"name":"wp","href":"https:\/\/api.w.org\/{rel}","templated":true}]}}