{"id":6510,"date":"2025-03-23T21:37:38","date_gmt":"2025-03-23T21:37:38","guid":{"rendered":"https:\/\/hsderma.com\/?page_id=6510"},"modified":"2025-03-24T19:25:10","modified_gmt":"2025-03-24T19:25:10","slug":"vazni-ciljevi","status":"publish","type":"page","link":"https:\/\/hsderma.com\/index.php\/vazni-ciljevi\/","title":{"rendered":"Va\u017eni ciljevi!"},"content":{"rendered":"\t\t<div data-elementor-type=\"wp-page\" data-elementor-id=\"6510\" class=\"elementor elementor-6510\">\n\t\t\t\t\t\t<section class=\"elementor-section elementor-top-section elementor-element elementor-element-4b3162c elementor-reverse-tablet elementor-reverse-mobile elementor-section-boxed elementor-section-height-default elementor-section-height-default\" data-id=\"4b3162c\" data-element_type=\"section\" data-settings=\"{&quot;background_background&quot;:&quot;gradient&quot;}\">\n\t\t\t\t\t\t<div class=\"elementor-container elementor-column-gap-default\">\n\t\t\t\t\t<div data-custom-animations=\"true\" data-ca-options=\"{&quot;addChildTimelines&quot;:false,&quot;trigger&quot;:&quot;firstChild&quot;,&quot;animationTarget&quot;:&quot;:scope &gt; .elementor-widget-wrap &gt; .elementor-element &gt; .elementor-widget-container, :scope &gt; .elementor-widget-wrap &gt; .elementor-section &gt; .elementor-container &gt; .elementor-column &gt; .elementor-widget-wrap &gt; .elementor-element:not(.lqd-el-has-inner-anim) &gt; .elementor-widget-container, :scope &gt; .elementor-widget-wrap &gt; .elementor-widget-hub_fancy_heading .lqd-split-lines .lqd-lines .split-inner, :scope &gt; .elementor-widget-wrap &gt; .elementor-widget-hub_fancy_heading .lqd-split-words .lqd-words .split-inner, :scope &gt; .elementor-widget-wrap &gt; .elementor-widget-hub_fancy_heading .lqd-split-chars .lqd-chars .split-inner, :scope &gt; .elementor-widget-wrap &gt; .elementor-widget-ld_custom_menu .lqd-fancy-menu &gt; ul &gt; li&quot;,&quot;ease&quot;:[&quot;power4.out&quot;],&quot;initValues&quot;:{&quot;y&quot;:&quot;40px&quot;,&quot;rotationX&quot;:-90,&quot;opacity&quot;:0,&quot;transformOrigin&quot;:&quot;50% 50% 0px&quot;},&quot;animations&quot;:{&quot;y&quot;:&quot;0px&quot;,&quot;rotationX&quot;:0,&quot;opacity&quot;:1,&quot;transformOrigin&quot;:&quot;50% 50% -80px&quot;}}\" class=\"elementor-column elementor-col-50 elementor-top-column elementor-element elementor-element-df78e77\" data-id=\"df78e77\" data-element_type=\"column\">\n\t\t\t<div class=\"elementor-widget-wrap elementor-element-populated\">\n\t\t\t\t\t\t<div class=\"elementor-element elementor-element-52ee0bd elementor-widget elementor-widget-hub_fancy_heading\" data-id=\"52ee0bd\" data-element_type=\"widget\" data-widget_type=\"hub_fancy_heading.default\">\n\t\t\t\t<div class=\"elementor-widget-container\">\n\t\t\t\t\t\n\t\t<div id=\"ld-fancy-heading-69e501b221203\" class=\"ld-fancy-heading pos-rel\">\n\t\t\t<h1 class=\"ld-fh-element d-inline-block pos-rel  elementor-heading-title lqd-highlight-classic lqd-highlight-grow-left h1\"  > \ud83c\udfaf <\/h1>\t\t<\/div>\n\n\t\t\t\t\t\t<\/div>\n\t\t\t\t<\/div>\n\t\t\t\t<div class=\"elementor-element elementor-element-c4c2f75 elementor-widget elementor-widget-hub_fancy_heading\" data-id=\"c4c2f75\" data-element_type=\"widget\" data-widget_type=\"hub_fancy_heading.default\">\n\t\t\t\t<div class=\"elementor-widget-container\">\n\t\t\t\t\t\n\t\t<div id=\"ld-fancy-heading-69e501b223144\" class=\"ld-fancy-heading pos-rel\">\n\t\t\t<h1 class=\"ld-fh-element d-inline-block pos-rel  elementor-heading-title lqd-highlight-classic lqd-highlight-grow-left h1\"  > VA\u017dNI CILJEVI<\/h1>\t\t<\/div>\n\n\t\t\t\t\t\t<\/div>\n\t\t\t\t<\/div>\n\t\t\t\t<div class=\"elementor-element elementor-element-27f5738 elementor-widget elementor-widget-hub_fancy_heading\" data-id=\"27f5738\" data-element_type=\"widget\" data-widget_type=\"hub_fancy_heading.default\">\n\t\t\t\t<div class=\"elementor-widget-container\">\n\t\t\t\t\t\n\t\t<div id=\"ld-fancy-heading-69e501b224e40\" class=\"ld-fancy-heading pos-rel\">\n\t\t\t<p class=\"ld-fh-element d-inline-block pos-rel  lqd-highlight-classic lqd-highlight-grow-left p\"  > Hidradenitis suppurativa (HS) nije samo ko\u017eno oboljenje \u2013 to je izazov koji poga\u0111a svakodnevni \u017eivot obolelih, ali i njihovu porodicu i dru\u0161tvo u celini. Udru\u017eenje Hsderma nastalo je sa ciljem da pru\u017ei podr\u0161ku, edukaciju i osna\u017ei sve one koji se suo\u010davaju sa ovom bole\u0161\u0107u. Kroz povezivanje pacijenata, stru\u010dnjaka i \u0161ire zajednice, radimo na podizanju svesti, unapre\u0111enju le\u010denja i za\u0161titi prava obolelih. Verujemo da zajedno mo\u017eemo stvoriti svet u kojem \u0107e svaki pacijent imati pristup pravovremenoj dijagnozi, adekvatnoj terapiji i dru\u0161tvenoj podr\u0161ci. \ud83d\udc99\u2728<\/p>\t\t<\/div>\n\n\t\t\t\t\t\t<\/div>\n\t\t\t\t<\/div>\n\t\t\t\t<div class=\"elementor-element elementor-element-a9e5031 elementor-widget elementor-widget-ld_button\" data-id=\"a9e5031\" data-element_type=\"widget\" data-widget_type=\"ld_button.default\">\n\t\t\t\t<div class=\"elementor-widget-container\">\n\t\t\t\t\t\n\t\t\t<a\n\t\t\t\thref=\"#start\"class=\"elementor-button btn btn-solid btn-lg btn-icon-right btn-hover-swp btn-has-label\"\t\t\t>\n\t\t\t\t\t\t\t\t\t<span data-text=\"nastavak\" class=\"btn-txt\">\n\t\t\t\t\t\tnastavak\t\t\t\t\t<\/span>\n\t\t\t\t\t\t\t\t\t\t\t\t\t\t<span class=\"btn-icon\">\n\t\t\t\t\t\t\t<i aria-hidden=\"true\" class=\"lqd-icn-ess icon-md-arrow-round-forward\"><\/i>\t\t\t\t\t\t<\/span>\n\t\t\t\t\t\t\t\t\t\t\t\t<span class=\"btn-icon\">\n\t\t\t\t\t\t\t<i aria-hidden=\"true\" class=\"lqd-icn-ess icon-md-arrow-round-forward\"><\/i>\t\t\t\t\t\t<\/span>\n\t\t\t\t\t\t\t\t\t<\/a>\n\t\t\t\t\t\t\t<\/div>\n\t\t\t\t<\/div>\n\t\t\t\t\t<\/div>\n\t\t<\/div>\n\t\t\t\t<div data-custom-animations=\"true\" data-ca-options=\"{&quot;addChildTimelines&quot;:false,&quot;trigger&quot;:&quot;firstChild&quot;,&quot;animationTarget&quot;:&quot;:scope &gt; .elementor-widget-wrap &gt; .elementor-element &gt; .elementor-widget-container, :scope &gt; .elementor-widget-wrap &gt; .elementor-section &gt; .elementor-container &gt; .elementor-column &gt; .elementor-widget-wrap &gt; .elementor-element:not(.lqd-el-has-inner-anim) &gt; .elementor-widget-container, :scope &gt; .elementor-widget-wrap &gt; .elementor-widget-hub_fancy_heading .lqd-split-lines .lqd-lines .split-inner, :scope &gt; .elementor-widget-wrap &gt; .elementor-widget-hub_fancy_heading .lqd-split-words .lqd-words .split-inner, :scope &gt; .elementor-widget-wrap &gt; .elementor-widget-hub_fancy_heading .lqd-split-chars .lqd-chars .split-inner, :scope &gt; .elementor-widget-wrap &gt; .elementor-widget-ld_custom_menu .lqd-fancy-menu &gt; ul &gt; li&quot;,&quot;ease&quot;:[&quot;power4.out&quot;],&quot;initValues&quot;:{&quot;x&quot;:&quot;40px&quot;,&quot;opacity&quot;:0.1000000000000000055511151231257827021181583404541015625,&quot;transformOrigin&quot;:&quot;50% 50% 0px&quot;},&quot;animations&quot;:{&quot;x&quot;:&quot;0px&quot;,&quot;opacity&quot;:1,&quot;transformOrigin&quot;:&quot;50% 50% 0px&quot;}}\" class=\"elementor-column elementor-col-50 elementor-top-column elementor-element elementor-element-4137d06\" data-id=\"4137d06\" data-element_type=\"column\">\n\t\t\t<div class=\"elementor-widget-wrap elementor-element-populated\">\n\t\t\t\t\t\t<div class=\"elementor-element elementor-element-0d3fc67 elementor-widget elementor-widget-ld_fancy_image\" data-id=\"0d3fc67\" data-element_type=\"widget\" data-widget_type=\"ld_fancy_image.default\">\n\t\t\t\t<div class=\"elementor-widget-container\">\n\t\t\t\t\t\n\t\t<div class=\"lqd-imggrp-single d-block pos-rel \">\n\t\t\t<div class=\"lqd-imggrp-img-container d-inline-flex pos-rel align-items-center justify-content-center \">\n\t\t\t\t\t\t\t\t<figure class=\"w-100 pos-rel\">\n\t\t\t\t\t<img fetchpriority=\"high\" decoding=\"async\" width=\"512\" height=\"512\" src=\"https:\/\/hsderma.com\/wp-content\/uploads\/2025\/03\/goal.png\" class=\"attachment-full size-full wp-image-6762\" alt=\"goal\" srcset=\"https:\/\/hsderma.com\/wp-content\/uploads\/2025\/03\/goal.png 512w, https:\/\/hsderma.com\/wp-content\/uploads\/2025\/03\/goal-300x300.png 300w, https:\/\/hsderma.com\/wp-content\/uploads\/2025\/03\/goal-150x150.png 150w, https:\/\/hsderma.com\/wp-content\/uploads\/2025\/03\/goal-320x320.png 320w\" sizes=\"(max-width: 512px) 100vw, 512px\" itemprop=\"image\" \/>\t\t\t\t\t\t\t\t\t\t\t\t\t\t\t\t\t\t\t\t\t\t\t\t\t\t\t\t\t<\/figure>\n\t\t\t<\/div>\n\t\t<\/div>\n\n\t\t\t\t\t<\/div>\n\t\t\t\t<\/div>\n\t\t\t\t\t<\/div>\n\t\t<\/div>\n\t\t\t\t\t<\/div>\n\t\t<\/section>\n\t\t\t\t<section class=\"elementor-section elementor-top-section elementor-element elementor-element-efd9f43 elementor-section-boxed elementor-section-height-default elementor-section-height-default\" data-id=\"efd9f43\" data-element_type=\"section\">\n\t\t\t\t\t\t<div class=\"elementor-container elementor-column-gap-default\">\n\t\t\t\t\t<div class=\"elementor-column elementor-col-100 elementor-top-column elementor-element elementor-element-86c7929\" data-id=\"86c7929\" data-element_type=\"column\">\n\t\t\t<div class=\"elementor-widget-wrap elementor-element-populated\">\n\t\t\t\t\t\t<div class=\"elementor-element elementor-element-e4a364d elementor-widget elementor-widget-menu-anchor\" data-id=\"e4a364d\" data-element_type=\"widget\" data-widget_type=\"menu-anchor.default\">\n\t\t\t\t<div class=\"elementor-widget-container\">\n\t\t\t\t\t\t\t<div class=\"elementor-menu-anchor\" id=\"start\"><\/div>\n\t\t\t\t\t\t<\/div>\n\t\t\t\t<\/div>\n\t\t\t\t<div class=\"elementor-element elementor-element-d44d175 elementor-widget elementor-widget-hub_fancy_heading\" data-id=\"d44d175\" data-element_type=\"widget\" data-widget_type=\"hub_fancy_heading.default\">\n\t\t\t\t<div class=\"elementor-widget-container\">\n\t\t\t\t\t\n\t\t<div id=\"ld-fancy-heading-69e501b22f6d5\" class=\"ld-fancy-heading pos-rel\">\n\t\t\t<h6 class=\"ld-fh-element d-inline-block pos-rel  elementor-heading-title lqd-highlight-classic lqd-highlight-grow-left h6\"  > #ZajednoSmoJa\u010di \ud83d\udcaa\ud83d\udc99<\/h6>\t\t<\/div>\n\n\t\t\t\t\t\t<\/div>\n\t\t\t\t<\/div>\n\t\t\t\t<div class=\"elementor-element elementor-element-748909e elementor-widget elementor-widget-hub_fancy_heading\" data-id=\"748909e\" data-element_type=\"widget\" data-widget_type=\"hub_fancy_heading.default\">\n\t\t\t\t<div class=\"elementor-widget-container\">\n\t\t\t\t\t\n\t\t<div id=\"ld-fancy-heading-69e501b2313ce\" class=\"ld-fancy-heading pos-rel\">\n\t\t\t<h2 class=\"ld-fh-element d-inline-block pos-rel  elementor-heading-title lqd-highlight-classic lqd-highlight-grow-left h2\"  > \ud83c\udf1f Zajedno gradimo bolju budu\u0107nost za obolele od HS-a!<\/h2>\t\t<\/div>\n\n\t\t\t\t\t\t<\/div>\n\t\t\t\t<\/div>\n\t\t\t\t<div class=\"elementor-element elementor-element-5e55dac elementor-widget elementor-widget-text-editor\" data-id=\"5e55dac\" data-element_type=\"widget\" data-widget_type=\"text-editor.default\">\n\t\t\t\t<div class=\"elementor-widget-container\">\n\t\t\t\t\t\t\t\t\t<p data-start=\"0\" data-end=\"44\">Ovo su ostali ciljevi na\u0161eg udru\u017eenja:<\/p><h3 class=\"\" data-start=\"0\" data-end=\"44\">\ud83c\udf3f Pru\u017eanje podr\u0161ke i pomo\u0107i obolelima<\/h3><p class=\"\" data-start=\"45\" data-end=\"318\">Na\u0161 glavni cilj je pru\u017eanje nesebi\u010dne podr\u0161ke i pomo\u0107i osobama koje \u017eive sa hidradenitisom i drugim ko\u017enim oboljenjima. Kroz savetovanje, razmenu iskustava i dostupnost relevantnih informacija, nastojimo da svima omogu\u0107imo bolji kvalitet \u017eivota i ose\u0107aj zajedni\u0161tva. \ud83e\udd1d\ud83d\udc99<\/p><h3 class=\"\" data-start=\"320\" data-end=\"371\">\ud83c\udfe5 Okupljanje obolelih i svih zainteresovanih<\/h3><p class=\"\" data-start=\"372\" data-end=\"584\">Povezivanje pacijenata, njihovih porodica i svih koji \u017eele da pomognu klju\u010dni je korak ka ja\u010danju zajednice. Udru\u017eenje organizuje doga\u0111aje, sastanke i online grupe gde svi mogu da prona\u0111u podr\u0161ku i razumevanje.<\/p><h3 class=\"\" data-start=\"586\" data-end=\"635\">\ud83d\udcd6 Razmena informacija i saznanja o bolesti<\/h3><p class=\"\" data-start=\"636\" data-end=\"787\">Znanje je mo\u0107! Edukujemo pacijente i njihove porodice o hidradenitisu kroz deljenje proverenih informacija i najnovijih saznanja iz oblasti medicine.<\/p><h3 class=\"\" data-start=\"789\" data-end=\"841\">\ud83c\udf93 Organizacija stru\u010dnih predavanja i seminara<\/h3><p class=\"\" data-start=\"842\" data-end=\"1031\">Radimo na podizanju svesti i unapre\u0111enju znanja organizovanjem edukativnih doga\u0111aja. Na\u0161i seminari i predavanja pru\u017eaju priliku da se u\u010de najnoviji pristupi u dijagnostici i le\u010denju HS-a.<\/p><h3 class=\"\" data-start=\"1033\" data-end=\"1082\">\ud83d\udc8a Unapre\u0111enje le\u010denja i za\u0161tite pacijenata<\/h3><p class=\"\" data-start=\"1083\" data-end=\"1298\">Zala\u017eemo se za bolji pristup terapijama, inovativnim metodama le\u010denja i pobolj\u0161anje medicinske nege za sve obolele. Na\u0161 cilj je da HS pacijenti imaju kvalitetnu zdravstvenu za\u0161titu i pristup adekvatnim terapijama.<\/p><h3 class=\"\" data-start=\"1300\" data-end=\"1349\">\ud83c\udfe1 Edukacija pacijenata i njihovih porodica<\/h3><p class=\"\" data-start=\"1350\" data-end=\"1548\">Razumevanje bolesti ne poma\u017ee samo pacijentima, ve\u0107 i njihovim najbli\u017eima. Kroz razli\u010dite programe edukacije, poma\u017eemo porodicama da bolje razumeju HS i pru\u017ee adekvatnu podr\u0161ku svojim najmilijima.<\/p><h3 class=\"\" data-start=\"1550\" data-end=\"1607\">\ud83e\udd1d Organizovanje okupljanja i aktivnosti pacijenata<\/h3><p class=\"\" data-start=\"1608\" data-end=\"1805\">Dru\u017eenje i deljenje iskustava sa ljudima koji razumeju kroz \u0161ta prolazite mo\u017ee biti od velike pomo\u0107i. Organizujemo razli\u010dite aktivnosti koje povezuju obolele i poma\u017eu im da se ose\u0107aju prihva\u0107eno.<\/p><h3 class=\"\" data-start=\"1807\" data-end=\"1870\">\ud83c\udfe5 Organizovanje savetovanja, seminara i stru\u010dnih skupova<\/h3><p class=\"\" data-start=\"1871\" data-end=\"2037\">Saradnja sa medicinskim stru\u010dnjacima i istra\u017eiva\u010dima omogu\u0107ava nam da organizujemo skupove i edukativne doga\u0111aje koji doprinose boljoj dijagnostici i tretmanu HS-a.<\/p><h3 class=\"\" data-start=\"2039\" data-end=\"2097\">\ud83d\udcda Prikupljanje i obrada nau\u010dne i stru\u010dne literature<\/h3><p class=\"\" data-start=\"2098\" data-end=\"2268\">Ula\u017eemo napore u prikupljanje i obradu relevantnih nau\u010dnih radova i stru\u010dne literature kako bismo pacijentima i lekarima omogu\u0107ili pristup najnovijim saznanjima o HS-u.<\/p><h3 class=\"\" data-start=\"2270\" data-end=\"2328\">\ud83d\udce2 Objavljivanje letaka, knjiga i drugih publikacija<\/h3><p class=\"\" data-start=\"2329\" data-end=\"2501\">Radimo na izdavanju edukativnog materijala kako bismo pove\u0107ali svest o HS-u, informisali pacijente i doprinosili njihovom boljem razumevanju bolesti i mogu\u0107nosti le\u010denja.<\/p><h3 class=\"\" data-start=\"2503\" data-end=\"2548\">\ud83c\udf0d Saradnja sa timovima iz inostranstva<\/h3><p class=\"\" data-start=\"2549\" data-end=\"2750\">HS ne poznaje granice, zato se povezujemo sa me\u0111unarodnim organizacijama i stru\u010dnjacima kako bismo razmenili iskustva, usvojili najbolje prakse i obezbedili pacijentima pristup najnovijim terapijama.<\/p><h3 class=\"\" data-start=\"2752\" data-end=\"2815\">\ud83e\ude7a Organizovanje stru\u010dnjaka i doktora za rad na edukaciji<\/h3><p class=\"\" data-start=\"2816\" data-end=\"2978\">Jedan od na\u0161ih ciljeva je edukacija zdravstvenih radnika, kako bi bolje razumeli HS i pru\u017eili pacijentima br\u017eu i ta\u010dniju dijagnozu, kao i kvalitetniju terapiju.<\/p><h3 class=\"\" data-start=\"2980\" data-end=\"3013\">\ud83d\udc99 Dru\u017eenje i prijateljstvo<\/h3><p class=\"\" data-start=\"3014\" data-end=\"3152\">Na\u0161 rad nije samo medicinske prirode \u2013 mi gradimo zajednicu u kojoj pacijenti mogu prona\u0107i prijatelje, podr\u0161ku i ljude koji ih razumeju.<\/p><h3 class=\"\" data-start=\"3154\" data-end=\"3225\">\u2696\ufe0f Preduzimanje svih potrebnih aktivnosti za ostvarivanje ciljeva<\/h3><p class=\"\" data-start=\"3226\" data-end=\"3389\">Aktivno radimo na svim poljima kako bismo unapredili kvalitet \u017eivota obolelih od HS-a. Svi \u010dlanovi udru\u017eenja imaju priliku da doprinesu ostvarenju na\u0161ih ciljeva.<\/p><h3 class=\"\" data-start=\"3391\" data-end=\"3448\">\ud83d\udcf0 Informisanje javnosti i \u010dlanova o radu Udru\u017eenja<\/h3><p class=\"\" data-start=\"3449\" data-end=\"3577\">Kroz medije, internet prezentacije i publikacije redovno informi\u0161emo javnost o HS-u, radu Udru\u017eenja i svim relevantnim temama.<\/p><h3 class=\"\" data-start=\"3579\" data-end=\"3630\">\ud83e\udd1d Saradnja sa institucijama i organizacijama<\/h3><p class=\"\" data-start=\"3631\" data-end=\"3781\">Sara\u0111ujemo sa institucijama, organizacijama i svim subjektima koji mogu pomo\u0107i u pobolj\u0161anju le\u010denja, edukacije i prava pacijenata obolelih od HS-a.<\/p><h3 class=\"\" data-start=\"3783\" data-end=\"3840\">\ud83c\udf1f Ostvarivanje svih ciljeva za dobrobit pacijenata<\/h3><p class=\"\" data-start=\"3841\" data-end=\"3984\">Na\u0161 krajnji cilj je pobolj\u0161anje kvaliteta \u017eivota svih obolelih od HS-a kroz edukaciju, podr\u0161ku, bolju terapiju i podizanje svesti u dru\u0161tvu. \ud83d\udc99<\/p>\t\t\t\t\t\t\t\t<\/div>\n\t\t\t\t<\/div>\n\t\t\t\t\t<\/div>\n\t\t<\/div>\n\t\t\t\t\t<\/div>\n\t\t<\/section>\n\t\t\t\t<\/div>\n\t\t","protected":false},"excerpt":{"rendered":"<p>\ud83c\udfaf VA\u017dNI CILJEVI Hidradenitis suppurativa (HS) nije samo ko\u017eno oboljenje \u2013 to je izazov koji poga\u0111a svakodnevni \u017eivot obolelih, ali i njihovu porodicu i dru\u0161tvo u celini. Udru\u017eenje Hsderma nastalo je sa ciljem da pru\u017ei podr\u0161ku, edukaciju i osna\u017ei sve one koji se suo\u010davaju sa ovom bole\u0161\u0107u. Kroz povezivanje pacijenata, stru\u010dnjaka i \u0161ire zajednice, radimo [&hellip;]<\/p>\n","protected":false},"author":1,"featured_media":0,"parent":0,"menu_order":0,"comment_status":"closed","ping_status":"closed","template":"","meta":{"_monsterinsights_skip_tracking":false,"_monsterinsights_sitenote_active":false,"_monsterinsights_sitenote_note":"","_monsterinsights_sitenote_category":0,"footnotes":""},"class_list":["post-6510","page","type-page","status-publish","hentry"],"aioseo_notices":[],"_links":{"self":[{"href":"https:\/\/hsderma.com\/index.php\/wp-json\/wp\/v2\/pages\/6510","targetHints":{"allow":["GET"]}}],"collection":[{"href":"https:\/\/hsderma.com\/index.php\/wp-json\/wp\/v2\/pages"}],"about":[{"href":"https:\/\/hsderma.com\/index.php\/wp-json\/wp\/v2\/types\/page"}],"author":[{"embeddable":true,"href":"https:\/\/hsderma.com\/index.php\/wp-json\/wp\/v2\/users\/1"}],"replies":[{"embeddable":true,"href":"https:\/\/hsderma.com\/index.php\/wp-json\/wp\/v2\/comments?post=6510"}],"version-history":[{"count":17,"href":"https:\/\/hsderma.com\/index.php\/wp-json\/wp\/v2\/pages\/6510\/revisions"}],"predecessor-version":[{"id":7118,"href":"https:\/\/hsderma.com\/index.php\/wp-json\/wp\/v2\/pages\/6510\/revisions\/7118"}],"wp:attachment":[{"href":"https:\/\/hsderma.com\/index.php\/wp-json\/wp\/v2\/media?parent=6510"}],"curies":[{"name":"wp","href":"https:\/\/api.w.org\/{rel}","templated":true}]}}