{"id":6967,"date":"2025-03-24T14:43:00","date_gmt":"2025-03-24T14:43:00","guid":{"rendered":"https:\/\/hsderma.com\/?page_id=6967"},"modified":"2025-03-26T01:53:27","modified_gmt":"2025-03-26T01:53:27","slug":"cesta-pitanja-o-hs-2","status":"publish","type":"page","link":"https:\/\/hsderma.com\/index.php\/cesta-pitanja-o-hs-2\/","title":{"rendered":"Novosti"},"content":{"rendered":"<div style=\"margin-top: 0px; margin-bottom: 0px;\" class=\"sharethis-inline-share-buttons\" ><\/div>\t\t<div data-elementor-type=\"wp-page\" data-elementor-id=\"6967\" class=\"elementor elementor-6967\">\n\t\t\t\t\t\t<section class=\"elementor-section elementor-top-section elementor-element elementor-element-4b3162c elementor-reverse-tablet elementor-reverse-mobile elementor-section-boxed elementor-section-height-default elementor-section-height-default\" data-id=\"4b3162c\" data-element_type=\"section\" data-settings=\"{&quot;background_background&quot;:&quot;gradient&quot;}\">\n\t\t\t\t\t\t<div class=\"elementor-container elementor-column-gap-default\">\n\t\t\t\t\t<div data-custom-animations=\"true\" data-ca-options=\"{&quot;addChildTimelines&quot;:false,&quot;trigger&quot;:&quot;firstChild&quot;,&quot;animationTarget&quot;:&quot;:scope &gt; .elementor-widget-wrap &gt; .elementor-element &gt; .elementor-widget-container, :scope &gt; .elementor-widget-wrap &gt; .elementor-section &gt; .elementor-container &gt; .elementor-column &gt; .elementor-widget-wrap &gt; .elementor-element:not(.lqd-el-has-inner-anim) &gt; .elementor-widget-container, :scope &gt; .elementor-widget-wrap &gt; .elementor-widget-hub_fancy_heading .lqd-split-lines .lqd-lines .split-inner, :scope &gt; .elementor-widget-wrap &gt; .elementor-widget-hub_fancy_heading .lqd-split-words .lqd-words .split-inner, :scope &gt; .elementor-widget-wrap &gt; .elementor-widget-hub_fancy_heading .lqd-split-chars .lqd-chars .split-inner, :scope &gt; .elementor-widget-wrap &gt; .elementor-widget-ld_custom_menu .lqd-fancy-menu &gt; ul &gt; li&quot;,&quot;ease&quot;:[&quot;power4.out&quot;],&quot;initValues&quot;:{&quot;y&quot;:&quot;40px&quot;,&quot;rotationX&quot;:-90,&quot;opacity&quot;:0,&quot;transformOrigin&quot;:&quot;50% 50% 0px&quot;},&quot;animations&quot;:{&quot;y&quot;:&quot;0px&quot;,&quot;rotationX&quot;:0,&quot;opacity&quot;:1,&quot;transformOrigin&quot;:&quot;50% 50% -80px&quot;}}\" class=\"elementor-column elementor-col-50 elementor-top-column elementor-element elementor-element-df78e77\" data-id=\"df78e77\" data-element_type=\"column\">\n\t\t\t<div class=\"elementor-widget-wrap elementor-element-populated\">\n\t\t\t\t\t\t<div class=\"elementor-element elementor-element-6e93396 elementor-widget elementor-widget-hub_fancy_heading\" data-id=\"6e93396\" data-element_type=\"widget\" data-widget_type=\"hub_fancy_heading.default\">\n\t\t\t\t<div class=\"elementor-widget-container\">\n\t\t\t\t\t\n\t\t<div id=\"ld-fancy-heading-69e4e8a21ef8a\" class=\"ld-fancy-heading pos-rel\">\n\t\t\t<h1 class=\"ld-fh-element d-inline-block pos-rel  elementor-heading-title lqd-highlight-classic lqd-highlight-grow-left h1\"  > \ud83d\udcf0 Budite u toku sa najnovijim vestima!<\/h1>\t\t<\/div>\n\n\t\t\t\t\t\t<\/div>\n\t\t\t\t<\/div>\n\t\t\t\t<div class=\"elementor-element elementor-element-27f5738 elementor-widget elementor-widget-hub_fancy_heading\" data-id=\"27f5738\" data-element_type=\"widget\" data-widget_type=\"hub_fancy_heading.default\">\n\t\t\t\t<div class=\"elementor-widget-container\">\n\t\t\t\t\t\n\t\t<div id=\"ld-fancy-heading-69e4e8a220e2c\" class=\"ld-fancy-heading pos-rel\">\n\t\t\t<p class=\"ld-fh-element d-inline-block pos-rel  lqd-highlight-classic lqd-highlight-grow-left p\"  > Svet hidradenitisa suppurative (HS) se stalno menja \u2013 od novih tretmana i istra\u017eivanja, do va\u017enih doga\u0111aja i inicijativa koje mogu pobolj\u0161ati kvalitet \u017eivota obolelih. Na ovoj stranici delimo najnovije informacije, savete lekara, iskustva pacijenata i va\u017ene novosti iz oblasti dermatologije i prava pacijenata.<\/p>\t\t<\/div>\n\n\t\t\t\t\t\t<\/div>\n\t\t\t\t<\/div>\n\t\t\t\t<div class=\"elementor-element elementor-element-570f385 elementor-widget elementor-widget-hub_fancy_heading\" data-id=\"570f385\" data-element_type=\"widget\" data-widget_type=\"hub_fancy_heading.default\">\n\t\t\t\t<div class=\"elementor-widget-container\">\n\t\t\t\t\t\n\t\t<div id=\"ld-fancy-heading-69e4e8a222b44\" class=\"ld-fancy-heading pos-rel\">\n\t\t\t<h3 class=\"ld-fh-element d-inline-block pos-rel  elementor-heading-title lqd-highlight-classic lqd-highlight-grow-left h3\"  > \ud83d\udd0d Pratite nas i budite informisani \u2013 znanje je mo\u0107!<\/h3>\t\t<\/div>\n\n\t\t\t\t\t\t<\/div>\n\t\t\t\t<\/div>\n\t\t\t\t\t<\/div>\n\t\t<\/div>\n\t\t\t\t<div data-custom-animations=\"true\" data-ca-options=\"{&quot;addChildTimelines&quot;:false,&quot;trigger&quot;:&quot;firstChild&quot;,&quot;animationTarget&quot;:&quot;:scope &gt; .elementor-widget-wrap &gt; .elementor-element &gt; .elementor-widget-container, :scope &gt; .elementor-widget-wrap &gt; .elementor-section &gt; .elementor-container &gt; .elementor-column &gt; .elementor-widget-wrap &gt; .elementor-element:not(.lqd-el-has-inner-anim) &gt; .elementor-widget-container, :scope &gt; .elementor-widget-wrap &gt; .elementor-widget-hub_fancy_heading .lqd-split-lines .lqd-lines .split-inner, :scope &gt; .elementor-widget-wrap &gt; .elementor-widget-hub_fancy_heading .lqd-split-words .lqd-words .split-inner, :scope &gt; .elementor-widget-wrap &gt; .elementor-widget-hub_fancy_heading .lqd-split-chars .lqd-chars .split-inner, :scope &gt; .elementor-widget-wrap &gt; .elementor-widget-ld_custom_menu .lqd-fancy-menu &gt; ul &gt; li&quot;,&quot;ease&quot;:[&quot;power4.out&quot;],&quot;initValues&quot;:{&quot;x&quot;:&quot;40px&quot;,&quot;opacity&quot;:0.1000000000000000055511151231257827021181583404541015625,&quot;transformOrigin&quot;:&quot;50% 50% 0px&quot;},&quot;animations&quot;:{&quot;x&quot;:&quot;0px&quot;,&quot;opacity&quot;:1,&quot;transformOrigin&quot;:&quot;50% 50% 0px&quot;}}\" class=\"elementor-column elementor-col-50 elementor-top-column elementor-element elementor-element-4137d06\" data-id=\"4137d06\" data-element_type=\"column\">\n\t\t\t<div class=\"elementor-widget-wrap elementor-element-populated\">\n\t\t\t\t\t\t<div class=\"elementor-element elementor-element-0d3fc67 elementor-widget elementor-widget-ld_fancy_image\" data-id=\"0d3fc67\" data-element_type=\"widget\" data-widget_type=\"ld_fancy_image.default\">\n\t\t\t\t<div class=\"elementor-widget-container\">\n\t\t\t\t\t\n\t\t<div class=\"lqd-imggrp-single d-block pos-rel \">\n\t\t\t<div class=\"lqd-imggrp-img-container d-inline-flex pos-rel align-items-center justify-content-center \">\n\t\t\t\t\t\t\t\t<figure class=\"w-100 pos-rel\">\n\t\t\t\t\t<img fetchpriority=\"high\" decoding=\"async\" width=\"512\" height=\"512\" src=\"https:\/\/hsderma.com\/wp-content\/uploads\/2025\/03\/novosti-hs-deram-udruzenje.png\" class=\"attachment-full size-full wp-image-6971\" alt=\"novosti hs deram udru\u017eenje\" srcset=\"https:\/\/hsderma.com\/wp-content\/uploads\/2025\/03\/novosti-hs-deram-udruzenje.png 512w, https:\/\/hsderma.com\/wp-content\/uploads\/2025\/03\/novosti-hs-deram-udruzenje-300x300.png 300w, https:\/\/hsderma.com\/wp-content\/uploads\/2025\/03\/novosti-hs-deram-udruzenje-150x150.png 150w, https:\/\/hsderma.com\/wp-content\/uploads\/2025\/03\/novosti-hs-deram-udruzenje-320x320.png 320w\" sizes=\"(max-width: 512px) 100vw, 512px\" itemprop=\"image\" \/>\t\t\t\t\t\t\t\t\t\t\t\t\t\t\t\t\t\t\t\t\t\t\t\t\t\t\t\t\t<\/figure>\n\t\t\t<\/div>\n\t\t<\/div>\n\n\t\t\t\t\t<\/div>\n\t\t\t\t<\/div>\n\t\t\t\t\t<\/div>\n\t\t<\/div>\n\t\t\t\t\t<\/div>\n\t\t<\/section>\n\t\t<div class=\"elementor-element elementor-element-3e0580ec e-flex e-con-boxed e-con e-parent\" data-id=\"3e0580ec\" data-element_type=\"container\">\n\t\t\t\t\t<div class=\"e-con-inner\">\n\t\t<div class=\"elementor-element elementor-element-16ff64 e-con-full e-flex e-con e-child\" data-id=\"16ff64\" data-element_type=\"container\">\n\t\t<div class=\"elementor-element elementor-element-285ebba5 e-con-full e-flex e-con e-child\" data-id=\"285ebba5\" data-element_type=\"container\">\n\t\t<div class=\"elementor-element elementor-element-708b9d8e e-flex e-con-boxed e-con e-child\" data-id=\"708b9d8e\" data-element_type=\"container\">\n\t\t\t\t\t<div class=\"e-con-inner\">\n\t\t\t\t<div class=\"elementor-element elementor-element-2f5e7e5 elementor-invisible elementor-widget elementor-widget-ld_blog\" data-id=\"2f5e7e5\" data-element_type=\"widget\" data-settings=\"{&quot;_animation&quot;:&quot;fadeInUp&quot;}\" data-widget_type=\"ld_blog.default\">\n\t\t\t\t<div class=\"elementor-widget-container\">\n\t\t\t\t\t<div class=\"lqd-lp-grid 2f5e7e5 blog-id-49670117 \"><div class=\"lqd-lp-row row pos-rel d-flex flex-wrap\" ><div class=\"lqd-lp-column d-flex flex-column col-md-12 istrazivanje vazno\"><article id=\"post-7202\" class=\"lqd-lp pos-rel lqd-lp-style-4 d-flex flex-wrap align-items-center text-start post-7202 post type-post status-publish format-standard has-post-thumbnail hentry category-istrazivanje category-vazno tag-genetikailecenje tag-mikrobiomihs tag-naucninapredakhs tag-personalizovanaterapija tag-upalaipatogeneza\">\n<div class=\"lqd-lp-img w-25\"><figure class=\"pos-rel overflow-hidden border-radius-6\"><img decoding=\"async\" width=\"320\" height=\"320\" src=\"data:image\/svg+xml;charset=utf-8,%3Csvg xmlns%3D&#039;http%3A%2F%2Fwww.w3.org%2F2000%2Fsvg&#039; viewBox%3D&#039;0 0 320 320&#039;%2F%3E\" class=\"w-100 ld-lazyload wp-post-image\" alt=\"jid\" itemprop=\"image\" data-src=\"https:\/\/hsderma.com\/wp-content\/uploads\/2025\/03\/jid-320x320.jpg\" data-srcset=\"https:\/\/hsderma.com\/wp-content\/uploads\/2025\/03\/jid-320x320.jpg 320w, https:\/\/hsderma.com\/wp-content\/uploads\/2025\/03\/jid-300x300.jpg 300w, https:\/\/hsderma.com\/wp-content\/uploads\/2025\/03\/jid-150x150.jpg 150w, https:\/\/hsderma.com\/wp-content\/uploads\/2025\/03\/jid.jpg 500w\" data-sizes=\"(max-width: 320px) 100vw, 320px\" data-aspect=\"1\" \/><\/figure><\/div>\n<header class=\"lqd-lp-header ps-3 pl-3\">\n\n\t<div class=\"lqd-lp-meta lqd-lp-meta-dot-between d-flex flex-wrap align-items-center font-weight-bold text-uppercase ltr-sp-1\">\n\n\t\t<span class=\"screen-reader-text\">Tags <\/span><ul class=\"lqd-lp-cat lqd-lp-cat-plain reset-ul inline-ul pos-rel z-index-3\"><li><a href=\"https:\/\/hsderma.com\/index.php\/tag\/genetikailecenje\/\" rel=\"tag\">#GenetikaILe\u010denje<\/a><\/li><\/ul>\n\t\t<time class=\"lqd-lp-date\" datetime=\"2025-03-25T10:17:31+00:00\">1 godina ago<\/time>\n\t<\/div>\n\n\t<h2 class=\"entry-title lqd-lp-title mt-2 mb-0 h5\"><a  href=\"https:\/\/hsderma.com\/index.php\/2025\/03\/25\/novo-istrazivanje-otkriva-potencijalne-biomarkere\/\" rel=\"bookmark\">\ud83d\udcf0 Novo istra\u017eivanje otkriva &#8211; potencijalni biomarkeri<\/a><\/h2>\n<\/header>\n\n<a  href=\"https:\/\/hsderma.com\/index.php\/2025\/03\/25\/novo-istrazivanje-otkriva-potencijalne-biomarkere\/\" class=\"lqd-lp-overlay-link lqd-overlay lqd-cc-label-trigger z-index-2\" tab-index=\"-1\"><\/a>\n<\/article><\/div><div class=\"lqd-lp-column d-flex flex-column col-md-12 lekovi vazno\"><article id=\"post-7195\" class=\"lqd-lp pos-rel lqd-lp-style-4 d-flex flex-wrap align-items-center text-start post-7195 post type-post status-publish format-standard has-post-thumbnail hentry category-lekovi category-vazno tag-efikasnolecenjehs tag-inovacijauzdravstvu tag-novanadazahs tag-podrskahszajednici tag-prviil17inhibitor\">\n<div class=\"lqd-lp-img w-25\"><figure class=\"pos-rel overflow-hidden border-radius-6\"><img decoding=\"async\" width=\"320\" height=\"320\" src=\"data:image\/svg+xml;charset=utf-8,%3Csvg xmlns%3D&#039;http%3A%2F%2Fwww.w3.org%2F2000%2Fsvg&#039; viewBox%3D&#039;0 0 320 320&#039;%2F%3E\" class=\"w-100 ld-lazyload wp-post-image\" alt=\"BIMZELX\" itemprop=\"image\" data-src=\"https:\/\/hsderma.com\/wp-content\/uploads\/2025\/03\/ucb-320x320.png\" data-srcset=\"https:\/\/hsderma.com\/wp-content\/uploads\/2025\/03\/ucb-320x320.png 320w, https:\/\/hsderma.com\/wp-content\/uploads\/2025\/03\/ucb-300x300.png 300w, https:\/\/hsderma.com\/wp-content\/uploads\/2025\/03\/ucb-150x150.png 150w, https:\/\/hsderma.com\/wp-content\/uploads\/2025\/03\/ucb.png 500w\" data-sizes=\"(max-width: 320px) 100vw, 320px\" data-aspect=\"1\" \/><\/figure><\/div>\n<header class=\"lqd-lp-header ps-3 pl-3\">\n\n\t<div class=\"lqd-lp-meta lqd-lp-meta-dot-between d-flex flex-wrap align-items-center font-weight-bold text-uppercase ltr-sp-1\">\n\n\t\t<span class=\"screen-reader-text\">Tags <\/span><ul class=\"lqd-lp-cat lqd-lp-cat-plain reset-ul inline-ul pos-rel z-index-3\"><li><a href=\"https:\/\/hsderma.com\/index.php\/tag\/efikasnolecenjehs\/\" rel=\"tag\">#EfikasnoLe\u010denjeHS<\/a><\/li><\/ul>\n\t\t<time class=\"lqd-lp-date\" datetime=\"2025-03-25T09:44:47+00:00\">1 godina ago<\/time>\n\t<\/div>\n\n\t<h2 class=\"entry-title lqd-lp-title mt-2 mb-0 h5\"><a  href=\"https:\/\/hsderma.com\/index.php\/2025\/03\/25\/bimzelx-dobio-fda-odobrenje\/\" rel=\"bookmark\">\ud83d\ude80 BIMZELX\u00ae dobio FDA odobrenje!<\/a><\/h2>\n<\/header>\n\n<a  href=\"https:\/\/hsderma.com\/index.php\/2025\/03\/25\/bimzelx-dobio-fda-odobrenje\/\" class=\"lqd-lp-overlay-link lqd-overlay lqd-cc-label-trigger z-index-2\" tab-index=\"-1\"><\/a>\n<\/article><\/div><div class=\"lqd-lp-column d-flex flex-column col-md-12 klinicka-ispitivanja vazno\"><article id=\"post-7185\" class=\"lqd-lp pos-rel lqd-lp-style-4 d-flex flex-wrap align-items-center text-start post-7185 post type-post status-publish format-standard has-post-thumbnail hentry category-klinicka-ispitivanja category-vazno tag-inovativnaterapijahs tag-klinickaispitivanjauspeh tag-napredakuhslecenju tag-novanadazapacijente tag-povorcitinibrevolucija\">\n<div class=\"lqd-lp-img w-25\"><figure class=\"pos-rel overflow-hidden border-radius-6\"><img loading=\"lazy\" decoding=\"async\" width=\"320\" height=\"320\" src=\"data:image\/svg+xml;charset=utf-8,%3Csvg xmlns%3D&#039;http%3A%2F%2Fwww.w3.org%2F2000%2Fsvg&#039; viewBox%3D&#039;0 0 320 320&#039;%2F%3E\" class=\"w-100 ld-lazyload wp-post-image\" alt=\"incyte\" itemprop=\"image\" data-src=\"https:\/\/hsderma.com\/wp-content\/uploads\/2025\/03\/incyte-320x320.png\" data-srcset=\"https:\/\/hsderma.com\/wp-content\/uploads\/2025\/03\/incyte-320x320.png 320w, https:\/\/hsderma.com\/wp-content\/uploads\/2025\/03\/incyte-300x300.png 300w, https:\/\/hsderma.com\/wp-content\/uploads\/2025\/03\/incyte-150x150.png 150w, https:\/\/hsderma.com\/wp-content\/uploads\/2025\/03\/incyte.png 500w\" data-sizes=\"(max-width: 320px) 100vw, 320px\" data-aspect=\"1\" \/><\/figure><\/div>\n<header class=\"lqd-lp-header ps-3 pl-3\">\n\n\t<div class=\"lqd-lp-meta lqd-lp-meta-dot-between d-flex flex-wrap align-items-center font-weight-bold text-uppercase ltr-sp-1\">\n\n\t\t<span class=\"screen-reader-text\">Tags <\/span><ul class=\"lqd-lp-cat lqd-lp-cat-plain reset-ul inline-ul pos-rel z-index-3\"><li><a href=\"https:\/\/hsderma.com\/index.php\/tag\/inovativnaterapijahs\/\" rel=\"tag\">#InovativnaTerapijaHS<\/a><\/li><\/ul>\n\t\t<time class=\"lqd-lp-date\" datetime=\"2025-03-25T09:31:38+00:00\">1 godina ago<\/time>\n\t<\/div>\n\n\t<h2 class=\"entry-title lqd-lp-title mt-2 mb-0 h5\"><a  href=\"https:\/\/hsderma.com\/index.php\/2025\/03\/25\/%f0%9f%94%ac-incyte-najavljuje-pozitivne-rezultate-povorcitiniba\/\" rel=\"bookmark\">\ud83d\udd2c Incyte najavljuje pozitivne rezultate povorcitinib<\/a><\/h2>\n<\/header>\n\n<a  href=\"https:\/\/hsderma.com\/index.php\/2025\/03\/25\/%f0%9f%94%ac-incyte-najavljuje-pozitivne-rezultate-povorcitiniba\/\" class=\"lqd-lp-overlay-link lqd-overlay lqd-cc-label-trigger z-index-2\" tab-index=\"-1\"><\/a>\n<\/article><\/div><div class=\"lqd-lp-column d-flex flex-column col-md-12 saveti vazno\"><article id=\"post-6956\" class=\"lqd-lp pos-rel lqd-lp-style-4 d-flex flex-wrap align-items-center text-start post-6956 post type-post status-publish format-standard has-post-thumbnail hentry category-saveti category-vazno tag-necekajreaguj tag-podrskaobolelima tag-prepoznajhs tag-zajednosmojaci tag-zdravljenaprvommestu\">\n<div class=\"lqd-lp-img w-25\"><figure class=\"pos-rel overflow-hidden border-radius-6\"><img loading=\"lazy\" decoding=\"async\" width=\"320\" height=\"320\" src=\"data:image\/svg+xml;charset=utf-8,%3Csvg xmlns%3D&#039;http%3A%2F%2Fwww.w3.org%2F2000%2Fsvg&#039; viewBox%3D&#039;0 0 320 320&#039;%2F%3E\" class=\"w-100 ld-lazyload wp-post-image\" alt=\"prepoznaj simptome hs\" itemprop=\"image\" data-src=\"https:\/\/hsderma.com\/wp-content\/uploads\/2025\/03\/prepoznaj-simptome-hs-320x320.png\" data-srcset=\"https:\/\/hsderma.com\/wp-content\/uploads\/2025\/03\/prepoznaj-simptome-hs-320x320.png 320w, https:\/\/hsderma.com\/wp-content\/uploads\/2025\/03\/prepoznaj-simptome-hs-300x300.png 300w, https:\/\/hsderma.com\/wp-content\/uploads\/2025\/03\/prepoznaj-simptome-hs-150x150.png 150w, https:\/\/hsderma.com\/wp-content\/uploads\/2025\/03\/prepoznaj-simptome-hs.png 512w\" data-sizes=\"(max-width: 320px) 100vw, 320px\" data-aspect=\"1\" \/><\/figure><\/div>\n<header class=\"lqd-lp-header ps-3 pl-3\">\n\n\t<div class=\"lqd-lp-meta lqd-lp-meta-dot-between d-flex flex-wrap align-items-center font-weight-bold text-uppercase ltr-sp-1\">\n\n\t\t<span class=\"screen-reader-text\">Tags <\/span><ul class=\"lqd-lp-cat lqd-lp-cat-plain reset-ul inline-ul pos-rel z-index-3\"><li><a href=\"https:\/\/hsderma.com\/index.php\/tag\/necekajreaguj\/\" rel=\"tag\">#Ne\u010cekajReaguj<\/a><\/li><\/ul>\n\t\t<time class=\"lqd-lp-date\" datetime=\"2025-03-24T14:27:27+00:00\">1 godina ago<\/time>\n\t<\/div>\n\n\t<h2 class=\"entry-title lqd-lp-title mt-2 mb-0 h5\"><a  href=\"https:\/\/hsderma.com\/index.php\/2025\/03\/24\/kako-prepoznati-hs-ne-ignorisi-simptome\/\" rel=\"bookmark\">\ud83c\udfe5 Kako prepoznati HS? Ne ignori\u0161i simptome!<\/a><\/h2>\n<\/header>\n\n<a  href=\"https:\/\/hsderma.com\/index.php\/2025\/03\/24\/kako-prepoznati-hs-ne-ignorisi-simptome\/\" class=\"lqd-lp-overlay-link lqd-overlay lqd-cc-label-trigger z-index-2\" tab-index=\"-1\"><\/a>\n<\/article><\/div><div class=\"lqd-lp-column d-flex flex-column col-md-12 novosti\"><article id=\"post-6946\" class=\"lqd-lp pos-rel lqd-lp-style-4 d-flex flex-wrap align-items-center text-start post-6946 post type-post status-publish format-standard has-post-thumbnail hentry category-novosti tag-hszajednica tag-podrskazaobolele tag-pridruzise tag-vasglassecuje tag-zajednoprotivhs\">\n<div class=\"lqd-lp-img w-25\"><figure class=\"pos-rel overflow-hidden border-radius-6\"><img loading=\"lazy\" decoding=\"async\" width=\"320\" height=\"320\" src=\"data:image\/svg+xml;charset=utf-8,%3Csvg xmlns%3D&#039;http%3A%2F%2Fwww.w3.org%2F2000%2Fsvg&#039; viewBox%3D&#039;0 0 320 320&#039;%2F%3E\" class=\"w-100 ld-lazyload wp-post-image\" alt=\"postani clan hs derma udru\u017eenje\" itemprop=\"image\" data-src=\"https:\/\/hsderma.com\/wp-content\/uploads\/2025\/03\/postani-clan-hs-derma-udruzenje-320x320.png\" data-srcset=\"https:\/\/hsderma.com\/wp-content\/uploads\/2025\/03\/postani-clan-hs-derma-udruzenje-320x320.png 320w, https:\/\/hsderma.com\/wp-content\/uploads\/2025\/03\/postani-clan-hs-derma-udruzenje-300x300.png 300w, https:\/\/hsderma.com\/wp-content\/uploads\/2025\/03\/postani-clan-hs-derma-udruzenje-150x150.png 150w, https:\/\/hsderma.com\/wp-content\/uploads\/2025\/03\/postani-clan-hs-derma-udruzenje.png 512w\" data-sizes=\"(max-width: 320px) 100vw, 320px\" data-aspect=\"1\" \/><\/figure><\/div>\n<header class=\"lqd-lp-header ps-3 pl-3\">\n\n\t<div class=\"lqd-lp-meta lqd-lp-meta-dot-between d-flex flex-wrap align-items-center font-weight-bold text-uppercase ltr-sp-1\">\n\n\t\t<span class=\"screen-reader-text\">Tags <\/span><ul class=\"lqd-lp-cat lqd-lp-cat-plain reset-ul inline-ul pos-rel z-index-3\"><li><a href=\"https:\/\/hsderma.com\/index.php\/tag\/hszajednica\/\" rel=\"tag\">#HSZajednica<\/a><\/li><\/ul>\n\t\t<time class=\"lqd-lp-date\" datetime=\"2025-03-24T13:35:45+00:00\">1 godina ago<\/time>\n\t<\/div>\n\n\t<h2 class=\"entry-title lqd-lp-title mt-2 mb-0 h5\"><a  href=\"https:\/\/hsderma.com\/index.php\/2025\/03\/24\/postanite-clan-udruzenja-hs-derma\/\" rel=\"bookmark\">\ud83e\udd1d Postanite \u010dlan Udru\u017eenja HS Derma!<\/a><\/h2>\n<\/header>\n\n<a  href=\"https:\/\/hsderma.com\/index.php\/2025\/03\/24\/postanite-clan-udruzenja-hs-derma\/\" class=\"lqd-lp-overlay-link lqd-overlay lqd-cc-label-trigger z-index-2\" tab-index=\"-1\"><\/a>\n<\/article><\/div><div class=\"lqd-lp-column d-flex flex-column col-md-12 novosti\"><article id=\"post-3499\" class=\"lqd-lp pos-rel lqd-lp-style-4 d-flex flex-wrap align-items-center text-start post-3499 post type-post status-publish format-standard has-post-thumbnail hentry category-novosti tag-hsderma tag-nisisam tag-podrskazasve tag-zajednosmojaci tag-zivotsahs\">\n<div class=\"lqd-lp-img w-25\"><figure class=\"pos-rel overflow-hidden border-radius-6\"><img loading=\"lazy\" decoding=\"async\" width=\"320\" height=\"320\" src=\"data:image\/svg+xml;charset=utf-8,%3Csvg xmlns%3D&#039;http%3A%2F%2Fwww.w3.org%2F2000%2Fsvg&#039; viewBox%3D&#039;0 0 320 320&#039;%2F%3E\" class=\"w-100 ld-lazyload wp-post-image\" alt=\"hs derma website\" itemprop=\"image\" data-src=\"https:\/\/hsderma.com\/wp-content\/uploads\/2025\/03\/hs-derma-website-320x320.png\" data-srcset=\"https:\/\/hsderma.com\/wp-content\/uploads\/2025\/03\/hs-derma-website-320x320.png 320w, https:\/\/hsderma.com\/wp-content\/uploads\/2025\/03\/hs-derma-website-300x300.png 300w, https:\/\/hsderma.com\/wp-content\/uploads\/2025\/03\/hs-derma-website-150x150.png 150w, https:\/\/hsderma.com\/wp-content\/uploads\/2025\/03\/hs-derma-website.png 512w\" data-sizes=\"(max-width: 320px) 100vw, 320px\" data-aspect=\"1\" \/><\/figure><\/div>\n<header class=\"lqd-lp-header ps-3 pl-3\">\n\n\t<div class=\"lqd-lp-meta lqd-lp-meta-dot-between d-flex flex-wrap align-items-center font-weight-bold text-uppercase ltr-sp-1\">\n\n\t\t<span class=\"screen-reader-text\">Tags <\/span><ul class=\"lqd-lp-cat lqd-lp-cat-plain reset-ul inline-ul pos-rel z-index-3\"><li><a href=\"https:\/\/hsderma.com\/index.php\/tag\/hsderma\/\" rel=\"tag\">#HSDerma<\/a><\/li><\/ul>\n\t\t<time class=\"lqd-lp-date\" datetime=\"2025-03-23T12:13:55+00:00\">1 godina ago<\/time>\n\t<\/div>\n\n\t<h2 class=\"entry-title lqd-lp-title mt-2 mb-0 h5\"><a  href=\"https:\/\/hsderma.com\/index.php\/2025\/03\/23\/imamo-sajt-mesto-podrske-i-informacija\/\" rel=\"bookmark\">\ud83d\udda5\ufe0f Imamo sajt \u2013 mesto podr\u0161ke i informacija!<\/a><\/h2>\n<\/header>\n\n<a  href=\"https:\/\/hsderma.com\/index.php\/2025\/03\/23\/imamo-sajt-mesto-podrske-i-informacija\/\" class=\"lqd-lp-overlay-link lqd-overlay lqd-cc-label-trigger z-index-2\" tab-index=\"-1\"><\/a>\n<\/article><\/div><\/div><!--\/ .row --><\/div><!--\/ .lqd-lp-grid -->\t\t\t\t<\/div>\n\t\t\t\t<\/div>\n\t\t\t\t\t<\/div>\n\t\t\t\t<\/div>\n\t\t\t\t<\/div>\n\t\t\t\t<\/div>\n\t\t\t\t\t<\/div>\n\t\t\t\t<\/div>\n\t\t\t\t<\/div>\n\t\t","protected":false},"excerpt":{"rendered":"<p>\ud83d\udcf0 Budite u toku sa najnovijim vestima! Svet hidradenitisa suppurative (HS) se stalno menja \u2013 od novih tretmana i istra\u017eivanja, do va\u017enih doga\u0111aja i inicijativa koje mogu pobolj\u0161ati kvalitet \u017eivota obolelih. Na ovoj stranici delimo najnovije informacije, savete lekara, iskustva pacijenata i va\u017ene novosti iz oblasti dermatologije i prava pacijenata. \ud83d\udd0d Pratite nas i budite [&hellip;]<\/p>\n","protected":false},"author":1,"featured_media":0,"parent":0,"menu_order":0,"comment_status":"closed","ping_status":"closed","template":"","meta":{"_monsterinsights_skip_tracking":false,"_monsterinsights_sitenote_active":false,"_monsterinsights_sitenote_note":"","_monsterinsights_sitenote_category":0,"footnotes":""},"class_list":["post-6967","page","type-page","status-publish","hentry"],"aioseo_notices":[],"_links":{"self":[{"href":"https:\/\/hsderma.com\/index.php\/wp-json\/wp\/v2\/pages\/6967","targetHints":{"allow":["GET"]}}],"collection":[{"href":"https:\/\/hsderma.com\/index.php\/wp-json\/wp\/v2\/pages"}],"about":[{"href":"https:\/\/hsderma.com\/index.php\/wp-json\/wp\/v2\/types\/page"}],"author":[{"embeddable":true,"href":"https:\/\/hsderma.com\/index.php\/wp-json\/wp\/v2\/users\/1"}],"replies":[{"embeddable":true,"href":"https:\/\/hsderma.com\/index.php\/wp-json\/wp\/v2\/comments?post=6967"}],"version-history":[{"count":54,"href":"https:\/\/hsderma.com\/index.php\/wp-json\/wp\/v2\/pages\/6967\/revisions"}],"predecessor-version":[{"id":8972,"href":"https:\/\/hsderma.com\/index.php\/wp-json\/wp\/v2\/pages\/6967\/revisions\/8972"}],"wp:attachment":[{"href":"https:\/\/hsderma.com\/index.php\/wp-json\/wp\/v2\/media?parent=6967"}],"curies":[{"name":"wp","href":"https:\/\/api.w.org\/{rel}","templated":true}]}}