{"id":7061,"date":"2025-03-24T15:55:47","date_gmt":"2025-03-24T15:55:47","guid":{"rendered":"https:\/\/hsderma.com\/?page_id=7061"},"modified":"2025-03-24T19:25:42","modified_gmt":"2025-03-24T19:25:42","slug":"korisni-linkovi","status":"publish","type":"page","link":"https:\/\/hsderma.com\/index.php\/korisni-linkovi\/","title":{"rendered":"Korisni linkovi"},"content":{"rendered":"\t\t<div data-elementor-type=\"wp-page\" data-elementor-id=\"7061\" class=\"elementor elementor-7061\">\n\t\t\t\t\t\t<section class=\"elementor-section elementor-top-section elementor-element elementor-element-4b3162c elementor-reverse-tablet elementor-reverse-mobile elementor-section-boxed elementor-section-height-default elementor-section-height-default\" data-id=\"4b3162c\" data-element_type=\"section\" data-settings=\"{&quot;background_background&quot;:&quot;gradient&quot;}\">\n\t\t\t\t\t\t<div class=\"elementor-container elementor-column-gap-default\">\n\t\t\t\t\t<div data-custom-animations=\"true\" data-ca-options=\"{&quot;addChildTimelines&quot;:false,&quot;trigger&quot;:&quot;firstChild&quot;,&quot;animationTarget&quot;:&quot;:scope &gt; .elementor-widget-wrap &gt; .elementor-element &gt; .elementor-widget-container, :scope &gt; .elementor-widget-wrap &gt; .elementor-section &gt; .elementor-container &gt; .elementor-column &gt; .elementor-widget-wrap &gt; .elementor-element:not(.lqd-el-has-inner-anim) &gt; .elementor-widget-container, :scope &gt; .elementor-widget-wrap &gt; .elementor-widget-hub_fancy_heading .lqd-split-lines .lqd-lines .split-inner, :scope &gt; .elementor-widget-wrap &gt; .elementor-widget-hub_fancy_heading .lqd-split-words .lqd-words .split-inner, :scope &gt; .elementor-widget-wrap &gt; .elementor-widget-hub_fancy_heading .lqd-split-chars .lqd-chars .split-inner, :scope &gt; .elementor-widget-wrap &gt; .elementor-widget-ld_custom_menu .lqd-fancy-menu &gt; ul &gt; li&quot;,&quot;ease&quot;:[&quot;power4.out&quot;],&quot;initValues&quot;:{&quot;y&quot;:&quot;40px&quot;,&quot;rotationX&quot;:-90,&quot;opacity&quot;:0,&quot;transformOrigin&quot;:&quot;50% 50% 0px&quot;},&quot;animations&quot;:{&quot;y&quot;:&quot;0px&quot;,&quot;rotationX&quot;:0,&quot;opacity&quot;:1,&quot;transformOrigin&quot;:&quot;50% 50% -80px&quot;}}\" class=\"elementor-column elementor-col-50 elementor-top-column elementor-element elementor-element-df78e77\" data-id=\"df78e77\" data-element_type=\"column\">\n\t\t\t<div class=\"elementor-widget-wrap elementor-element-populated\">\n\t\t\t\t\t\t<div class=\"elementor-element elementor-element-52ee0bd elementor-widget elementor-widget-hub_fancy_heading\" data-id=\"52ee0bd\" data-element_type=\"widget\" data-widget_type=\"hub_fancy_heading.default\">\n\t\t\t\t<div class=\"elementor-widget-container\">\n\t\t\t\t\t\n\t\t<div id=\"ld-fancy-heading-69e4e8f385422\" class=\"ld-fancy-heading pos-rel\">\n\t\t\t<h1 class=\"ld-fh-element d-inline-block pos-rel  elementor-heading-title lqd-highlight-classic lqd-highlight-grow-left h1\"  > \ud83d\udd17 Va\u0161 vodi\u010d kroz pouzdane informacije o HS-u<\/h1>\t\t<\/div>\n\n\t\t\t\t\t\t<\/div>\n\t\t\t\t<\/div>\n\t\t\t\t<div class=\"elementor-element elementor-element-27f5738 elementor-widget elementor-widget-hub_fancy_heading\" data-id=\"27f5738\" data-element_type=\"widget\" data-widget_type=\"hub_fancy_heading.default\">\n\t\t\t\t<div class=\"elementor-widget-container\">\n\t\t\t\t\t\n\t\t<div id=\"ld-fancy-heading-69e4e8f3876f8\" class=\"ld-fancy-heading pos-rel\">\n\t\t\t<p class=\"ld-fh-element d-inline-block pos-rel  lqd-highlight-classic lqd-highlight-grow-left p\"  > \ud83d\udca1 Informisanost je klju\u010d u borbi protiv hidradenitisa supurativa! Na ovoj stranici prona\u0107i \u0107ete korisne linkove ka relevantnim medicinskim izvorima, istra\u017eivanjima i vodi\u010dima za pacijente. Na\u0161 cilj je da vam pru\u017eimo najnovije i najpouzdanije informacije o dijagnozi, simptomima, tretmanima i \u017eivotu sa HS-om.\n<br><br>\n\ud83d\udce2 Napomena: Redovno a\u017euriramo ovu stranicu novim i korisnim linkovima! Ako prona\u0111ete informaciju koja bi mogla biti od koristi drugima, podelite je sa nama. Va\u0161a podr\u0161ka i iskustvo mogu pomo\u0107i mnogima! \ud83d\udc99<\/p>\t\t<\/div>\n\n\t\t\t\t\t\t<\/div>\n\t\t\t\t<\/div>\n\t\t\t\t<div class=\"elementor-element elementor-element-a9e5031 elementor-widget elementor-widget-ld_button\" data-id=\"a9e5031\" data-element_type=\"widget\" data-widget_type=\"ld_button.default\">\n\t\t\t\t<div class=\"elementor-widget-container\">\n\t\t\t\t\t\n\t\t\t<a\n\t\t\t\thref=\"#start\"class=\"elementor-button btn btn-solid btn-lg btn-icon-right btn-hover-swp btn-has-label\"\t\t\t>\n\t\t\t\t\t\t\t\t\t<span data-text=\"nastavak\" class=\"btn-txt\">\n\t\t\t\t\t\tnastavak\t\t\t\t\t<\/span>\n\t\t\t\t\t\t\t\t\t\t\t\t\t\t<span class=\"btn-icon\">\n\t\t\t\t\t\t\t<i aria-hidden=\"true\" class=\"lqd-icn-ess icon-md-arrow-round-forward\"><\/i>\t\t\t\t\t\t<\/span>\n\t\t\t\t\t\t\t\t\t\t\t\t<span class=\"btn-icon\">\n\t\t\t\t\t\t\t<i aria-hidden=\"true\" class=\"lqd-icn-ess icon-md-arrow-round-forward\"><\/i>\t\t\t\t\t\t<\/span>\n\t\t\t\t\t\t\t\t\t<\/a>\n\t\t\t\t\t\t\t<\/div>\n\t\t\t\t<\/div>\n\t\t\t\t\t<\/div>\n\t\t<\/div>\n\t\t\t\t<div data-custom-animations=\"true\" data-ca-options=\"{&quot;addChildTimelines&quot;:false,&quot;trigger&quot;:&quot;firstChild&quot;,&quot;animationTarget&quot;:&quot;:scope &gt; .elementor-widget-wrap &gt; .elementor-element &gt; .elementor-widget-container, :scope &gt; .elementor-widget-wrap &gt; .elementor-section &gt; .elementor-container &gt; .elementor-column &gt; .elementor-widget-wrap &gt; .elementor-element:not(.lqd-el-has-inner-anim) &gt; .elementor-widget-container, :scope &gt; .elementor-widget-wrap &gt; .elementor-widget-hub_fancy_heading .lqd-split-lines .lqd-lines .split-inner, :scope &gt; .elementor-widget-wrap &gt; .elementor-widget-hub_fancy_heading .lqd-split-words .lqd-words .split-inner, :scope &gt; .elementor-widget-wrap &gt; .elementor-widget-hub_fancy_heading .lqd-split-chars .lqd-chars .split-inner, :scope &gt; .elementor-widget-wrap &gt; .elementor-widget-ld_custom_menu .lqd-fancy-menu &gt; ul &gt; li&quot;,&quot;ease&quot;:[&quot;power4.out&quot;],&quot;initValues&quot;:{&quot;x&quot;:&quot;40px&quot;,&quot;opacity&quot;:0.1000000000000000055511151231257827021181583404541015625,&quot;transformOrigin&quot;:&quot;50% 50% 0px&quot;},&quot;animations&quot;:{&quot;x&quot;:&quot;0px&quot;,&quot;opacity&quot;:1,&quot;transformOrigin&quot;:&quot;50% 50% 0px&quot;}}\" class=\"elementor-column elementor-col-50 elementor-top-column elementor-element elementor-element-4137d06\" data-id=\"4137d06\" data-element_type=\"column\">\n\t\t\t<div class=\"elementor-widget-wrap elementor-element-populated\">\n\t\t\t\t\t\t<div class=\"elementor-element elementor-element-0d3fc67 elementor-widget elementor-widget-ld_fancy_image\" data-id=\"0d3fc67\" data-element_type=\"widget\" data-widget_type=\"ld_fancy_image.default\">\n\t\t\t\t<div class=\"elementor-widget-container\">\n\t\t\t\t\t\n\t\t<div class=\"lqd-imggrp-single d-block pos-rel \">\n\t\t\t<div class=\"lqd-imggrp-img-container d-inline-flex pos-rel align-items-center justify-content-center \">\n\t\t\t\t\t\t\t\t<figure class=\"w-100 pos-rel\">\n\t\t\t\t\t<img fetchpriority=\"high\" decoding=\"async\" width=\"512\" height=\"512\" src=\"https:\/\/hsderma.com\/wp-content\/uploads\/2025\/03\/korisni-linkovi-hs.png\" class=\"attachment-full size-full wp-image-7063\" alt=\"korisni linkovi hs\" srcset=\"https:\/\/hsderma.com\/wp-content\/uploads\/2025\/03\/korisni-linkovi-hs.png 512w, https:\/\/hsderma.com\/wp-content\/uploads\/2025\/03\/korisni-linkovi-hs-300x300.png 300w, https:\/\/hsderma.com\/wp-content\/uploads\/2025\/03\/korisni-linkovi-hs-150x150.png 150w, https:\/\/hsderma.com\/wp-content\/uploads\/2025\/03\/korisni-linkovi-hs-320x320.png 320w\" sizes=\"(max-width: 512px) 100vw, 512px\" itemprop=\"image\" \/>\t\t\t\t\t\t\t\t\t\t\t\t\t\t\t\t\t\t\t\t\t\t\t\t\t\t\t\t\t<\/figure>\n\t\t\t<\/div>\n\t\t<\/div>\n\n\t\t\t\t\t<\/div>\n\t\t\t\t<\/div>\n\t\t\t\t\t<\/div>\n\t\t<\/div>\n\t\t\t\t\t<\/div>\n\t\t<\/section>\n\t\t\t\t<section class=\"elementor-section elementor-top-section elementor-element elementor-element-efd9f43 elementor-section-boxed elementor-section-height-default elementor-section-height-default\" data-id=\"efd9f43\" data-element_type=\"section\">\n\t\t\t\t\t\t<div class=\"elementor-container elementor-column-gap-default\">\n\t\t\t\t\t<div class=\"elementor-column elementor-col-100 elementor-top-column elementor-element elementor-element-86c7929\" data-id=\"86c7929\" data-element_type=\"column\">\n\t\t\t<div class=\"elementor-widget-wrap elementor-element-populated\">\n\t\t\t\t\t\t<div class=\"elementor-element elementor-element-a077a58 elementor-widget elementor-widget-menu-anchor\" data-id=\"a077a58\" data-element_type=\"widget\" data-widget_type=\"menu-anchor.default\">\n\t\t\t\t<div class=\"elementor-widget-container\">\n\t\t\t\t\t\t\t<div class=\"elementor-menu-anchor\" id=\"start\"><\/div>\n\t\t\t\t\t\t<\/div>\n\t\t\t\t<\/div>\n\t\t\t\t<div class=\"elementor-element elementor-element-d44d175 elementor-widget elementor-widget-hub_fancy_heading\" data-id=\"d44d175\" data-element_type=\"widget\" data-widget_type=\"hub_fancy_heading.default\">\n\t\t\t\t<div class=\"elementor-widget-container\">\n\t\t\t\t\t\n\t\t<div id=\"ld-fancy-heading-69e4e8f38e501\" class=\"ld-fancy-heading pos-rel\">\n\t\t\t<h6 class=\"ld-fh-element d-inline-block pos-rel  elementor-heading-title lqd-highlight-classic lqd-highlight-grow-left h6\"  > #ZajednoSmoJa\u010di \ud83d\udcaa\ud83d\udc99<\/h6>\t\t<\/div>\n\n\t\t\t\t\t\t<\/div>\n\t\t\t\t<\/div>\n\t\t\t\t<div class=\"elementor-element elementor-element-748909e elementor-widget elementor-widget-hub_fancy_heading\" data-id=\"748909e\" data-element_type=\"widget\" data-widget_type=\"hub_fancy_heading.default\">\n\t\t\t\t<div class=\"elementor-widget-container\">\n\t\t\t\t\t\n\t\t<div id=\"ld-fancy-heading-69e4e8f390126\" class=\"ld-fancy-heading pos-rel\">\n\t\t\t<h2 class=\"ld-fh-element d-inline-block pos-rel  elementor-heading-title lqd-highlight-classic lqd-highlight-grow-left h2\"  > \u2705 Znanje je mo\u0107 \u2013 saznajte sve o HS-u!\n<\/h2>\t\t<\/div>\n\n\t\t\t\t\t\t<\/div>\n\t\t\t\t<\/div>\n\t\t\t\t<div class=\"elementor-element elementor-element-5e55dac elementor-widget elementor-widget-text-editor\" data-id=\"5e55dac\" data-element_type=\"widget\" data-widget_type=\"text-editor.default\">\n\t\t\t\t<div class=\"elementor-widget-container\">\n\t\t\t\t\t\t\t\t\t<p>Evo 10 pouzdanih izvora gde mo\u017eete saznati vi\u0161e o hidradenitisu suppurativa (HS) \u2013 njegovim simptomima, uzrocima i tretmanima.<\/p>\n\n<hr \/>\n\n<h4>\ud83c\udfe5 <strong>Mayo Clinic: Simptomi i uzroci HS-a<\/strong><\/h4>\n<p>Detaljan pregled simptoma, uzroka i faktora rizika za HS.<br \/>\ud83d\udd17 <a href=\"https:\/\/www.mayoclinic.org\/diseases-conditions\/hidradenitis-suppurativa\/symptoms-causes\/syc-20352306?utm_source=chatgpt.com\" target=\"_new\" rel=\"noopener\">mayoclinic.org<\/a><\/p>\n\n<h4>\ud83d\udc69\u200d\u2695\ufe0f <strong>Cleveland Clinic: HS (Acne Inversa)<\/strong><\/h4>\n<p>Informacije o simptomima, dijagnozi i mogu\u0107nostima le\u010denja.<br \/>\ud83d\udd17 <a href=\"https:\/\/my.clevelandclinic.org\/health\/diseases\/17716-hidradenitis-suppurativa?utm_source=chatgpt.com\" target=\"_new\" rel=\"noopener\">my.clevelandclinic.org<\/a><\/p>\n\n<h4>\ud83d\udcda <strong>MedlinePlus: Osnovne informacije o HS-u<\/strong><\/h4>\n<p>Pregled HS-a, uklju\u010duju\u0107i uzroke, simptome i dostupne tretmane.<br \/>\ud83d\udd17 <a href=\"https:\/\/medlineplus.gov\/hidradenitissuppurativa.html?utm_source=chatgpt.com\" target=\"_new\" rel=\"noopener\">medlineplus.gov<\/a><\/p>\n\n<h4>\ud83d\udd2c <strong>WebMD: HS \u2013 Problemi sa ko\u017eom i tretmani<\/strong><\/h4>\n<p>Pregled simptoma, uzroka i opcija le\u010denja HS-a.<br \/>\ud83d\udd17 <a href=\"https:\/\/www.webmd.com\/skin-problems-and-treatments\/hidradenitis-suppurativa?utm_source=chatgpt.com\" target=\"_new\" rel=\"noopener\">webmd.com<\/a><\/p>\n\n<h4>\ud83d\udcd6 <strong>Nacionalna medicinska biblioteka SAD: Nau\u010dni pristup HS-u<\/strong><\/h4>\n<p>Detaljan medicinski \u010dlanak o HS-u, uklju\u010duju\u0107i epidemiologiju i patofiziologiju.<br \/>\ud83d\udd17 <a href=\"https:\/\/www.ncbi.nlm.nih.gov\/books\/NBK534867\/?utm_source=chatgpt.com\" target=\"_new\" rel=\"noopener\">ncbi.nlm.nih.gov<\/a><\/p>\n\n<h4>\ud83c\udfe5 <strong>HS Foundation: Podr\u0161ka i informacije za pacijente<\/strong><\/h4>\n<p>Osnovne informacije o HS-u i korisni resursi za pacijente.<br \/>\ud83d\udd17 <a href=\"https:\/\/www.hs-foundation.org\/?utm_source=chatgpt.com\" target=\"_new\" rel=\"noopener\">hs-foundation.org<\/a><\/p>\n\n<h4>\ud83e\ude7a <strong>Cedars-Sinai: Simptomi, dijagnoza i tretmani HS-a<\/strong><\/h4>\n<p>Pregled kako se HS manifestuje i koje su opcije le\u010denja.<br \/>\ud83d\udd17 <a href=\"https:\/\/www.cedars-sinai.org\/health-library\/diseases-and-conditions\/h\/hidradenitis-suppurativa.html?utm_source=chatgpt.com\" target=\"_new\" rel=\"noopener\">cedars-sinai.org<\/a><\/p>\n\n<h4>\ud83d\udcdc <strong>Wikipedia: HS \u2013 istorija, epidemiologija i tretmani<\/strong><\/h4>\n<p>Op\u0161ti pregled HS-a sa istorijskim podacima i terapijama.<br \/>\ud83d\udd17 <a href=\"https:\/\/en.wikipedia.org\/wiki\/Hidradenitis_suppurativa?utm_source=chatgpt.com\" target=\"_new\" rel=\"noopener\">en.wikipedia.org<\/a><\/p>\n\n<h4>\ud83d\udc8a <strong>Health.com: Da li Ozempic mo\u017ee pomo\u0107i kod HS-a?<\/strong><\/h4>\n<p>\u010clanak o istra\u017eivanju koje sugeri\u0161e da semaglutid mo\u017ee biti efikasan u le\u010denju HS-a.<br \/>\ud83d\udd17 <a href=\"https:\/\/www.health.com\/medications-like-ozempic-and-wegovy-may-help-ease-this-skin-condition-8723018?utm_source=chatgpt.com\" target=\"_new\" rel=\"noopener\">health.com<\/a><\/p>\n\n<h4>\u2753 <strong>Glamour: Klju\u010dna pitanja za lekara nakon dijagnoze HS-a<\/strong><\/h4>\n<p>Vodi\u010d za pacijente sa pitanjima koje treba postaviti svom dermatologu.<br \/>\ud83d\udd17 <a href=\"https:\/\/www.glamour.com\/story\/hidradenitis-suppurativa-treatment?utm_source=chatgpt.com\" target=\"_new\" rel=\"noopener\">glamour.com<\/a><\/p>\t\t\t\t\t\t\t\t<\/div>\n\t\t\t\t<\/div>\n\t\t\t\t\t<\/div>\n\t\t<\/div>\n\t\t\t\t\t<\/div>\n\t\t<\/section>\n\t\t\t\t<\/div>\n\t\t","protected":false},"excerpt":{"rendered":"<p>\ud83d\udd17 Va\u0161 vodi\u010d kroz pouzdane informacije o HS-u \ud83d\udca1 Informisanost je klju\u010d u borbi protiv hidradenitisa supurativa! Na ovoj stranici prona\u0107i \u0107ete korisne linkove ka relevantnim medicinskim izvorima, istra\u017eivanjima i vodi\u010dima za pacijente. Na\u0161 cilj je da vam pru\u017eimo najnovije i najpouzdanije informacije o dijagnozi, simptomima, tretmanima i \u017eivotu sa HS-om. \ud83d\udce2 Napomena: Redovno a\u017euriramo [&hellip;]<\/p>\n","protected":false},"author":1,"featured_media":0,"parent":0,"menu_order":0,"comment_status":"closed","ping_status":"closed","template":"","meta":{"_monsterinsights_skip_tracking":false,"_monsterinsights_sitenote_active":false,"_monsterinsights_sitenote_note":"","_monsterinsights_sitenote_category":0,"footnotes":""},"class_list":["post-7061","page","type-page","status-publish","hentry"],"aioseo_notices":[],"_links":{"self":[{"href":"https:\/\/hsderma.com\/index.php\/wp-json\/wp\/v2\/pages\/7061","targetHints":{"allow":["GET"]}}],"collection":[{"href":"https:\/\/hsderma.com\/index.php\/wp-json\/wp\/v2\/pages"}],"about":[{"href":"https:\/\/hsderma.com\/index.php\/wp-json\/wp\/v2\/types\/page"}],"author":[{"embeddable":true,"href":"https:\/\/hsderma.com\/index.php\/wp-json\/wp\/v2\/users\/1"}],"replies":[{"embeddable":true,"href":"https:\/\/hsderma.com\/index.php\/wp-json\/wp\/v2\/comments?post=7061"}],"version-history":[{"count":10,"href":"https:\/\/hsderma.com\/index.php\/wp-json\/wp\/v2\/pages\/7061\/revisions"}],"predecessor-version":[{"id":7121,"href":"https:\/\/hsderma.com\/index.php\/wp-json\/wp\/v2\/pages\/7061\/revisions\/7121"}],"wp:attachment":[{"href":"https:\/\/hsderma.com\/index.php\/wp-json\/wp\/v2\/media?parent=7061"}],"curies":[{"name":"wp","href":"https:\/\/api.w.org\/{rel}","templated":true}]}}